{"id":30,"date":"2025-07-30T07:48:35","date_gmt":"2025-07-30T07:48:35","guid":{"rendered":"http:\/\/etuwiqy.cluster100.hosting.ovh.net\/?page_id=30"},"modified":"2026-02-09T13:27:53","modified_gmt":"2026-02-09T13:27:53","slug":"transparencia-y-documentacion","status":"publish","type":"page","link":"https:\/\/impulsamaspalomas.energiagrancanaria.com\/index.php\/transparencia-y-documentacion\/","title":{"rendered":"TRANSPARENCIA Y DOCUMENTACI\u00d3N"},"content":{"rendered":"\n<h2 class=\"wp-block-heading\">Compromiso institucional <\/h2>\n\n\n\n<p>Todas las fases del proyecto se ejecutan bajo criterios de trazabilidad, publicidad y cumplimiento normativo del PRTR.<\/p>\n\n\n\n<h2 class=\"wp-block-heading\">Acceso a documentaci\u00f3n <\/h2>\n\n\n\n<p>PERFILES DEL CONTRATANTE DE LA ENTIDAD BENEFICIARIA Y EJECUTORAS<\/p>\n\n\n\n<p><a href=\"https:\/\/cabildo.grancanaria.com\/perfil-del-contratante\">Perfil del Contratante Cabildo de Gran Canaria<\/a><\/p>\n\n\n\n<p><a href=\"https:\/\/contrataciondelestado.es\/wps\/portal\/plataforma\/perfil_contratante\/lista_perfiles\/!ut\/p\/z1\/hY9NT8JAEIZ_C4ce7Uw_tqC3BaG20YgQKjsXU2RZNrbdpqzU8OvdGC8mgHObmed9MgMEa6CmPGpVWm2asgIBgoZvvJi-8Ow2wnQxn2I4XgyTePbsWoRVXX7pWp_kFpZAQHo7bkEEGAeMMRw5oaDkogBDKOD1P4TcGi8UR5enH4RFk7jIi3myzFLE7GF2_7gKGKZh8gtcceRAqjIb97E7mDebaKSAOrmTnez8z86N99a2hzsPPez73lfGqEr676b28Fxkbw4W1n9JaOv8eJrcfOyeLBN8MPgGSEF5pQ!!\/dz\/d5\/L2dBISEvZ0FBIS9nQSEh\/\">Perfil del contratante del CIEGC<\/a><\/p>\n\n\n\n<p><a href=\"https:\/\/contrataciondelestado.es\/wps\/portal\/plataforma\/perfil_contratante\/lista_perfiles\/!ut\/p\/z1\/hY_BTsJAEIafhUOPdsaW3Yq3BaG20YgQKjsXU2RZNrbdpqzU8PRsjBcT0bnNzPd_mQGCNVBTHo0unbFNWYEEScmrKKbPIhvFmC7mU4zGi4QPZ0--RVjV5aepzUltYQkEZLbjFmTEcJQkjHEvlMQvCjCCAl7-Q8iv8UIJ9Hn6Qlg8GRZ5MefLLEXM7md3D6trhmnEv4E_HDmQruzGf-wPFs0mvtFAndqpTnXhR-fHe-faw22AAfZ9H2prdaXCN1sH-Ftkbw8O1j9JaOv8eJpcve8eHZNiMDgD8twcSA!!\/dz\/d5\/L2dBISEvZ0FBIS9nQSEh\/\">Perfil del Contratante GESPLAN<\/a><\/p>\n\n\n\n<p><a href=\"https:\/\/contrataciondelestado.es\/wps\/portal\/plataforma\/perfil_contratante\/lista_perfiles\/!ut\/p\/z1\/hY9NT8JAEIZ_C4ce7Yz9WvG2INQ2GhFCZediiizLxrbblJUafj0b48VEYG4z8zxvZoBgBdSUB61Kq01TViBAEHvnxeSVZ8MQ0_lsgsFozpJo-uJahGVdfutaH-UGFkBAejNqQQyjiDEWMJcnKDnrYwAFvF1DyK3xTHF0Pv0gcTiOiryYJYssRcwepw9Py9sY0yD5BS5k5ECqMmv3sDuYN-vwTgF1cis72flfnRvvrG339x562Pe9r4xRlfQ_TO3hf8rO7C2s_pLQ1vnhOL753D7bWPDB4ATa_WwP\/dz\/d5\/L2dBISEvZ0FBIS9nQSEh\/\">Perfil del Contratante Consorcio de Maspalomas<\/a><\/p>\n\n\n\n<p><a href=\"https:\/\/contrataciondelestado.es\/wps\/portal\/plataforma\/perfil_contratante\/lista_perfiles\/!ut\/p\/z1\/hY9Nb8IwDIZ_C4ceV3v9CGy38FVabRoD0RFfpgIhRGubqmR04tcToV0mjc0328_zygaCNVBdnLQqrDZ1UYIAQf13nk9eefoQYrKYTzAYLvosmr64FmFVFV-60me5gyUQkN4NGxCDmGGEGLk8QeymjwHk8PYfQm6NN4qj8-mKxOEoyrN8zpZpgpjOpuOn1X2MScC-gT8yMiBVmo172B3M6004UECt3MtWtv5n68YHa5vjo4cedl3nK2NUKf2tqTz8TTmYo4X1TxKaKjudR3cf-2cbC97rXQAYvpAf\/dz\/d5\/L2dBISEvZ0FBIS9nQSEh\/\">Perfil del Contratante Turismo Gran Canaria<\/a><\/p>\n\n\n\n<p><a href=\"https:\/\/contrataciondelestado.es\/wps\/portal\/plataforma\/perfil_contratante\/lista_perfiles\/!ut\/p\/z1\/hY9NT8JAEIZ_C4ce7YzbL-ttQahtNCKEys7FFFmWjW23KSs1_Ho2xouJ6Nxm5nnezADBGqitjlpVVpu2qkGAoOSVl9NnnqcBZov5FNl4kcTh7Mm1CKum-tSNPsktLIGA9HbcgUhTZAzDxOUJii_6yKCEl_8Qcmu8UBydT19IFEzCsijn8TLPEPP72d3D6jrCjMXfwB8ZBZCqzcY97A7m7Sa4UUC93Mle9v5H78Z7a7vDrYceDsPgK2NULf0303j4m7I3BwvrnyR0TXE8Ta7ed482Enw0OgP9kFSc\/dz\/d5\/L2dBISEvZ0FBIS9nQSEh\/\">Perfil del Contratante SODETEGC<\/a><\/p>\n\n\n\n<p><a href=\"https:\/\/contrataciondelestado.es\/wps\/portal\/plataforma\/perfil_contratante\/lista_perfiles\/!ut\/p\/z1\/hY9Bb8IwDIV_C4ceV5uUFrpbYNC12jQGohBfUFhDidY0VduhiV-_CO0Imy-Wn7_3ZAPBDqiWZ13KXttaViBA0HjP8_k7T-MAk9Vyjmy6GkejxZsbETZGfmujL6qANRCQLqYNiCEiY-Ekjl2goOhuADLIYfsfQm6Nd4qj89MVCYPZKM_yZbROE8T0efH0shmGmLDoF_gjIwMqK3twH7uDeX0IJiVQq46qVa3_1Tr51PdN9-ihh50qlG9k18jKuuZ_WOPhLd_Jdj3sbuDQmOx8mT18Hl_7UPDB4AdUGDq3\/dz\/d5\/L2dBISEvZ0FBIS9nQSEh\/\">Perfil del Contratante Ayuntamiento San Bartolom\u00e9 de Tirajana<\/a><\/p>\n\n\n\n<p><a href=\"http:\/\/Resoluci\u00f3n de 22 de mayo de 2023, de la Secretar\u00eda de Estado de Turismo, por la que se publica el Acuerdo de la Conferencia Sectorial de Turismo de 9 de mayo de 2023, por el que se fijan los criterios de distribuci\u00f3n, as\u00ed como el reparto resultante para las comunidades aut\u00f3nomas, del cr\u00e9dito destinado a la financiaci\u00f3n de actuaciones de inversi\u00f3n por parte de entidades locales en el marco del Componente 14 Inversi\u00f3n 1 del Plan de Recuperaci\u00f3n, Transformaci\u00f3n y Resiliencia.\">Resoluci\u00f3n de 22 de mayo de 2023, de la Secretar\u00eda de Estado de Turismo, por la que se publica el Acuerdo de la Conferencia Sectorial de Turismo de 9 de mayo de 2023, por el que se fijan los criterios de distribuci\u00f3n, as\u00ed como el reparto resultante para las comunidades aut\u00f3nomas, del cr\u00e9dito destinado a la financiaci\u00f3n de actuaciones de inversi\u00f3n por parte de entidades locales en el marco del Componente 14 Inversi\u00f3n 1 del Plan de Recuperaci\u00f3n, Transformaci\u00f3n y Resiliencia.<\/a><\/p>\n\n\n\n<p><\/p>\n","protected":false},"excerpt":{"rendered":"<p>Compromiso institucional Todas las fases del proyecto se ejecutan bajo criterios de trazabilidad, publicidad y cumplimiento normativo del PRTR. Acceso a documentaci\u00f3n PERFILES DEL CONTRATANTE DE LA ENTIDAD BENEFICIARIA Y EJECUTORAS Perfil del Contratante Cabildo de Gran Canaria Perfil del contratante del CIEGC Perfil del Contratante GESPLAN Perfil del Contratante Consorcio de Maspalomas Perfil del [&hellip;]<\/p>\n","protected":false},"author":1,"featured_media":0,"parent":0,"menu_order":0,"comment_status":"closed","ping_status":"closed","template":"","meta":{"footnotes":""},"class_list":["post-30","page","type-page","status-publish","hentry"],"_links":{"self":[{"href":"https:\/\/impulsamaspalomas.energiagrancanaria.com\/index.php\/wp-json\/wp\/v2\/pages\/30","targetHints":{"allow":["GET"]}}],"collection":[{"href":"https:\/\/impulsamaspalomas.energiagrancanaria.com\/index.php\/wp-json\/wp\/v2\/pages"}],"about":[{"href":"https:\/\/impulsamaspalomas.energiagrancanaria.com\/index.php\/wp-json\/wp\/v2\/types\/page"}],"author":[{"embeddable":true,"href":"https:\/\/impulsamaspalomas.energiagrancanaria.com\/index.php\/wp-json\/wp\/v2\/users\/1"}],"replies":[{"embeddable":true,"href":"https:\/\/impulsamaspalomas.energiagrancanaria.com\/index.php\/wp-json\/wp\/v2\/comments?post=30"}],"version-history":[{"count":14,"href":"https:\/\/impulsamaspalomas.energiagrancanaria.com\/index.php\/wp-json\/wp\/v2\/pages\/30\/revisions"}],"predecessor-version":[{"id":576,"href":"https:\/\/impulsamaspalomas.energiagrancanaria.com\/index.php\/wp-json\/wp\/v2\/pages\/30\/revisions\/576"}],"wp:attachment":[{"href":"https:\/\/impulsamaspalomas.energiagrancanaria.com\/index.php\/wp-json\/wp\/v2\/media?parent=30"}],"curies":[{"name":"wp","href":"https:\/\/api.w.org\/{rel}","templated":true}]}}