{"id":316,"date":"2026-02-06T13:23:37","date_gmt":"2026-02-06T13:23:37","guid":{"rendered":"http:\/\/etuwiqy.cluster100.hosting.ovh.net\/?page_id=316"},"modified":"2026-02-06T13:23:37","modified_gmt":"2026-02-06T13:23:37","slug":"actuacion-1","status":"publish","type":"page","link":"https:\/\/impulsamaspalomas.energiagrancanaria.com\/index.php\/actuacion-1\/","title":{"rendered":"ACTUACI\u00d3N 1"},"content":{"rendered":"\n<p><\/p>\n\n\n\n<div class=\"wp-block-cover alignfull is-light has-custom-content-position is-position-bottom-center\" style=\"margin-top:0;margin-bottom:0;padding-top:var(--wp--preset--spacing--50);padding-right:var(--wp--preset--spacing--50);padding-bottom:var(--wp--preset--spacing--50);padding-left:var(--wp--preset--spacing--50);min-height:578px;aspect-ratio:unset;\"><img loading=\"lazy\" decoding=\"async\" width=\"1024\" height=\"683\" class=\"wp-block-cover__image-background wp-image-222 size-large\" alt=\"\" src=\"http:\/\/etuwiqy.cluster100.hosting.ovh.net\/wp-content\/uploads\/2025\/10\/DJI_0400-1024x683.jpg\" data-object-fit=\"cover\" srcset=\"https:\/\/impulsamaspalomas.energiagrancanaria.com\/wp-content\/uploads\/2025\/10\/DJI_0400-1024x683.jpg 1024w, https:\/\/impulsamaspalomas.energiagrancanaria.com\/wp-content\/uploads\/2025\/10\/DJI_0400-300x200.jpg 300w, https:\/\/impulsamaspalomas.energiagrancanaria.com\/wp-content\/uploads\/2025\/10\/DJI_0400-768x512.jpg 768w, https:\/\/impulsamaspalomas.energiagrancanaria.com\/wp-content\/uploads\/2025\/10\/DJI_0400-1536x1024.jpg 1536w, https:\/\/impulsamaspalomas.energiagrancanaria.com\/wp-content\/uploads\/2025\/10\/DJI_0400-2048x1365.jpg 2048w\" sizes=\"auto, (max-width: 1024px) 100vw, 1024px\" \/><span aria-hidden=\"true\" class=\"wp-block-cover__background has-background-dim-10 has-background-dim\"><\/span><div class=\"wp-block-cover__inner-container has-global-padding is-layout-constrained wp-container-core-cover-is-layout-d89aad35 wp-block-cover-is-layout-constrained\">\n<div class=\"wp-block-group alignwide has-global-padding is-content-justification-left is-layout-constrained wp-container-core-group-is-layout-12dd3699 wp-block-group-is-layout-constrained\">\n<h2 class=\"wp-block-heading has-text-align-left has-xx-large-font-size\">ACTUACION 1<\/h2>\n\n\n\n<p>Consejer\u00eda de Medio Ambiente, Clima,Energ\u00eda y Conocimiento del Cabildo de Gran Canaria<\/p>\n<\/div>\n<\/div><\/div>\n\n\n\n<div class=\"wp-block-group alignfull has-global-padding is-layout-constrained wp-block-group-is-layout-constrained\" style=\"margin-top:0;margin-bottom:0\">\n<div class=\"wp-block-group alignwide is-layout-flow wp-container-core-group-is-layout-d58a0413 wp-block-group-is-layout-flow\" style=\"padding-top:var(--wp--preset--spacing--50);padding-bottom:var(--wp--preset--spacing--50)\">\n<div class=\"wp-block-columns is-layout-flex wp-container-core-columns-is-layout-cbe57604 wp-block-columns-is-layout-flex\">\n<div class=\"wp-block-column is-layout-flow wp-block-column-is-layout-flow\">\n<div class=\"wp-block-group is-layout-flow wp-block-group-is-layout-flow\" style=\"border-top-color:var(--wp--preset--color--accent-6);border-top-width:1px;padding-top:var(--wp--preset--spacing--30);padding-bottom:var(--wp--preset--spacing--30)\">\n<p><\/p>\n\n\n\n<p><\/p>\n\n\n\n<p><\/p>\n\n\n\n<p>Las Dunas de Maspalomas y La Charca son ecosistemas \u00fanicos que representan el principal reclamo tur\u00edstico de MCC. Sin embargo, estos ecosistemas experimentan una problem\u00e1tica ambiental que pone en riesgo su sostenibilidad. <\/p>\n\n\n\n<p>El principal objetivo de la actuaci\u00f3n es restaurar, conservar, proteger y poner en valor los ecosistemas y mejorar las infraestructuras y equipamientos p\u00fablicos as\u00ed como mejorar la gesti\u00f3n del uso p\u00fablico y potenciar los valores ambientales del espacio natural para su uso tur\u00edstico.<\/p>\n\n\n\n<p><\/p>\n\n\n\n<p><\/p>\n\n\n\n<p><\/p>\n<\/div>\n<\/div>\n\n\n\n<div class=\"wp-block-column is-layout-flow wp-block-column-is-layout-flow\">\n<div class=\"wp-block-group is-layout-flow wp-block-group-is-layout-flow\" style=\"border-top-color:var(--wp--preset--color--accent-6);border-top-width:1px;padding-top:var(--wp--preset--spacing--30);padding-bottom:var(--wp--preset--spacing--30)\">\n<p>Resultados previstos: <\/p>\n\n\n\n<ul class=\"wp-block-list\">\n<li>Revertir la p\u00e9rdida de arena de las dunas mediante el aumento de la poblaci\u00f3n de<br>balancones\/captadores de arena.<\/li>\n<\/ul>\n\n\n\n<ul class=\"wp-block-list\">\n<li>Erradicar o controlar las especies de flora y fauna ex\u00f3ticas invasoras, de tal forma que favorezca la<br>conservaci\u00f3n de especies aut\u00f3ctonas.<\/li>\n<\/ul>\n\n\n\n<ul class=\"wp-block-list\">\n<li>Mejorar el uso tur\u00edstico del ecosistema se\u00f1alizando de forma adecuada los senderos dentro de las<br>dunas, de forma que sus usuarios conozcan por d\u00f3nde se puede caminar y los usos permitidos.<\/li>\n<\/ul>\n\n\n\n<ul class=\"wp-block-list\">\n<li>Impulsar el uso de pr\u00e1cticas tur\u00edsticas respetuosas dentro de las Dunas y el humedal de la Charca<br>mediante la sensibilizaci\u00f3n del turista\/ciudadan\u00eda<\/li>\n<\/ul>\n\n\n\n<h3 class=\"wp-block-heading\"><strong>Presupuesto:<\/strong>&nbsp;600.00,00 \u20ac<\/h3>\n\n\n\n<p><strong>Estado:<\/strong>&nbsp;En ejecuci\u00f3n<\/p>\n<\/div>\n<\/div>\n<\/div>\n<\/div>\n<\/div>\n\n\n\n<div class=\"wp-block-group alignfull has-global-padding is-layout-constrained wp-block-group-is-layout-constrained\" style=\"margin-top:0;margin-bottom:0;padding-top:var(--wp--preset--spacing--50);padding-bottom:var(--wp--preset--spacing--50)\">\n<div class=\"wp-block-group alignwide is-layout-grid wp-container-core-group-is-layout-840b37f5 wp-block-group-is-layout-grid\">\n<div class=\"wp-block-group is-vertical is-layout-flex wp-container-core-group-is-layout-d6b9ab57 wp-block-group-is-layout-flex\">\n<h2 class=\"wp-block-heading has-x-large-font-size\">Contratos asociados<\/h2>\n<\/div>\n\n\n\n<div class=\"wp-block-group is-vertical is-content-justification-stretch is-layout-flex wp-container-core-group-is-layout-353c4f5a wp-block-group-is-layout-flex\">\n<div class=\"wp-block-cover\"><img loading=\"lazy\" decoding=\"async\" width=\"2560\" height=\"1440\" class=\"wp-block-cover__image-background wp-image-393 size-full\" alt=\"\" src=\"http:\/\/etuwiqy.cluster100.hosting.ovh.net\/wp-content\/uploads\/2025\/10\/RemoteMediaFile_6553753_0_2022_08_12_07_26_06-scaled.jpeg\" data-object-fit=\"cover\" srcset=\"https:\/\/impulsamaspalomas.energiagrancanaria.com\/wp-content\/uploads\/2025\/10\/RemoteMediaFile_6553753_0_2022_08_12_07_26_06-scaled.jpeg 2560w, https:\/\/impulsamaspalomas.energiagrancanaria.com\/wp-content\/uploads\/2025\/10\/RemoteMediaFile_6553753_0_2022_08_12_07_26_06-300x169.jpeg 300w, https:\/\/impulsamaspalomas.energiagrancanaria.com\/wp-content\/uploads\/2025\/10\/RemoteMediaFile_6553753_0_2022_08_12_07_26_06-1024x576.jpeg 1024w, https:\/\/impulsamaspalomas.energiagrancanaria.com\/wp-content\/uploads\/2025\/10\/RemoteMediaFile_6553753_0_2022_08_12_07_26_06-768x432.jpeg 768w, https:\/\/impulsamaspalomas.energiagrancanaria.com\/wp-content\/uploads\/2025\/10\/RemoteMediaFile_6553753_0_2022_08_12_07_26_06-1536x864.jpeg 1536w, https:\/\/impulsamaspalomas.energiagrancanaria.com\/wp-content\/uploads\/2025\/10\/RemoteMediaFile_6553753_0_2022_08_12_07_26_06-2048x1152.jpeg 2048w\" sizes=\"auto, (max-width: 2560px) 100vw, 2560px\" \/><span aria-hidden=\"true\" class=\"wp-block-cover__background has-background-dim-0 has-background-dim\" style=\"background-color:#833d3a\"><\/span><div class=\"wp-block-cover__inner-container has-global-padding is-layout-constrained wp-block-cover-is-layout-constrained\">\n<div style=\"height:var(--wp--preset--spacing--20)\" aria-hidden=\"true\" class=\"wp-block-spacer\"><\/div>\n\n\n\n<p class=\"has-text-align-center\"><a href=\"https:\/\/contrataciondelestado.es\/wps\/portal\/plataforma\/buscadores\/detalle\/!ut\/p\/z1\/hVDLcoJAEPwajmEHWBfIDXksEI0YHspeKEwQqQLWAqK_n8V4SVUS59Yz3T09gxjaI9aXl6Yup4b3ZStwzkiB3Y1te74KRqw5oK6cNCX-DFWUod0jChNj-KMsEHp2oyw0G2dhFpE4oACB7zmrVFkAVcmd8I9HLjLohZW5WyswNdgs30SGMFonEVUVAILSng-duCeevZoP99KiXNGJjgk2Cb7rKYVAWVLAysurAyTS3dDdJvOKR_oQsbrlh--HWf1BM2rEhupYDdUgfw6ifZqm8_gsgQTX61WuOa_bSn7nnQS_SU58nND-JxOdO88MnvKuWCfHbmeMXzJKrgE!\/dz\/d5\/L2dBISEvZ0FBIS9nQSEh\/\">Comunicaci\u00f3n y divulgaci\u00f3n<\/a><\/p>\n<\/div><\/div>\n<\/div>\n\n\n\n<div class=\"wp-block-group is-vertical is-content-justification-stretch is-layout-flex wp-container-core-group-is-layout-353c4f5a wp-block-group-is-layout-flex\">\n<div class=\"wp-block-cover is-light\"><img loading=\"lazy\" decoding=\"async\" width=\"2500\" height=\"1667\" class=\"wp-block-cover__image-background wp-image-389 size-full\" alt=\"\" src=\"http:\/\/etuwiqy.cluster100.hosting.ovh.net\/wp-content\/uploads\/2025\/10\/52455977454_1d48bd5436_o.jpg\" data-object-fit=\"cover\" srcset=\"https:\/\/impulsamaspalomas.energiagrancanaria.com\/wp-content\/uploads\/2025\/10\/52455977454_1d48bd5436_o.jpg 2500w, https:\/\/impulsamaspalomas.energiagrancanaria.com\/wp-content\/uploads\/2025\/10\/52455977454_1d48bd5436_o-300x200.jpg 300w, https:\/\/impulsamaspalomas.energiagrancanaria.com\/wp-content\/uploads\/2025\/10\/52455977454_1d48bd5436_o-1024x683.jpg 1024w, https:\/\/impulsamaspalomas.energiagrancanaria.com\/wp-content\/uploads\/2025\/10\/52455977454_1d48bd5436_o-768x512.jpg 768w, https:\/\/impulsamaspalomas.energiagrancanaria.com\/wp-content\/uploads\/2025\/10\/52455977454_1d48bd5436_o-1536x1024.jpg 1536w, https:\/\/impulsamaspalomas.energiagrancanaria.com\/wp-content\/uploads\/2025\/10\/52455977454_1d48bd5436_o-2048x1366.jpg 2048w\" sizes=\"auto, (max-width: 2500px) 100vw, 2500px\" \/><span aria-hidden=\"true\" class=\"wp-block-cover__background has-background-dim-0 has-background-dim\" style=\"background-color:#833d3a\"><\/span><div class=\"wp-block-cover__inner-container has-global-padding is-layout-constrained wp-block-cover-is-layout-constrained\">\n<div style=\"height:var(--wp--preset--spacing--20)\" aria-hidden=\"true\" class=\"wp-block-spacer\"><\/div>\n\n\n\n<p class=\"has-text-align-center has-base-color has-text-color has-link-color wp-elements-9001e5742abf41ffed1a87df13c2d8a4\"><a href=\"https:\/\/contrataciondelestado.es\/wps\/portal\/plataforma\/buscadores\/detalle\/!ut\/p\/z1\/hVDLcoJAEPwajmEHWBfIDXksEI0YHspeKEwQqQLWAqK_n8V4SVUS59Yz3T09gxjaI9aXl6Yup4b3ZStwzkiB3Y1te74KRqw5oK6cNCX-DFWUod0jChNj-KMsEHp2oyw0G2dhFpE4oACB7zmrVFkAVcmd8I9HLjLohZW5WyswNdgs30SGMFonEVUVAILSng-duCeevZoP99KiXNGJjgk2Cb7rKYVAWVLAysurAyTS3dDdJvOKR_oQsbrlh--HWf1BM2rEhupYDdUgfw6ifZqm8_gsgQTX61WuOa_bSn7nnQS_SU58nND-JxOdO88MnvKuWCfHbmeMXzJKrgE!\/dz\/d5\/L2dBISEvZ0FBIS9nQSEh\/\">Proyecto ejecutivo de Obra de restauraci\u00f3n de las Dunas de Maspalomas<\/a><\/p>\n<\/div><\/div>\n<\/div>\n\n\n\n<div class=\"wp-block-cover\"><img loading=\"lazy\" decoding=\"async\" width=\"500\" height=\"333\" class=\"wp-block-cover__image-background wp-image-120 size-full\" alt=\"\" src=\"http:\/\/etuwiqy.cluster100.hosting.ovh.net\/wp-content\/uploads\/2025\/10\/67_25.jpg\" data-object-fit=\"cover\" srcset=\"https:\/\/impulsamaspalomas.energiagrancanaria.com\/wp-content\/uploads\/2025\/10\/67_25.jpg 500w, https:\/\/impulsamaspalomas.energiagrancanaria.com\/wp-content\/uploads\/2025\/10\/67_25-300x200.jpg 300w\" sizes=\"auto, (max-width: 500px) 100vw, 500px\" \/><span aria-hidden=\"true\" class=\"wp-block-cover__background has-background-dim-0 has-background-dim\" style=\"background-color:#833d3a\"><\/span><div class=\"wp-block-cover__inner-container has-global-padding is-layout-constrained wp-block-cover-is-layout-constrained\">\n<div style=\"height:var(--wp--preset--spacing--20)\" aria-hidden=\"true\" class=\"wp-block-spacer\"><\/div>\n\n\n\n<p class=\"has-text-align-center\"><a href=\"https:\/\/contrataciondelestado.es\/wps\/portal\/plataforma\/buscadores\/detalle\/!ut\/p\/z1\/hU_LDoIwEPwi022BAkegpRRBQB5KL4TExJDwMMbw_RbDVZ3bZGdmZ5BCV6Tmfh3u_WtY5n7UvFW0M3kWBGFEwCkNBiRhdU2jjRLUoMs_idJn-AIPtF99JJYRmE3c5LSUAkBGIUtqbIEgdBf8yGh1B7vzGl540jUg88-6Q5ynVS4IBqConpfnpPeUW9Zw4-uIWuwQ19LA7u4XAiT2BZj4eGJAc5vHvKi2F__8jyl05aGdurTy3r-6XYI!\/dz\/d5\/L2dBISEvZ0FBIS9nQSEh\/\">Obra de restauraci\u00f3n de las Dunas de Maspalomas<\/a><\/p>\n<\/div><\/div>\n<\/div>\n<\/div>\n","protected":false},"excerpt":{"rendered":"","protected":false},"author":2,"featured_media":0,"parent":0,"menu_order":0,"comment_status":"closed","ping_status":"closed","template":"","meta":{"footnotes":""},"class_list":["post-316","page","type-page","status-publish","hentry"],"_links":{"self":[{"href":"https:\/\/impulsamaspalomas.energiagrancanaria.com\/index.php\/wp-json\/wp\/v2\/pages\/316","targetHints":{"allow":["GET"]}}],"collection":[{"href":"https:\/\/impulsamaspalomas.energiagrancanaria.com\/index.php\/wp-json\/wp\/v2\/pages"}],"about":[{"href":"https:\/\/impulsamaspalomas.energiagrancanaria.com\/index.php\/wp-json\/wp\/v2\/types\/page"}],"author":[{"embeddable":true,"href":"https:\/\/impulsamaspalomas.energiagrancanaria.com\/index.php\/wp-json\/wp\/v2\/users\/2"}],"replies":[{"embeddable":true,"href":"https:\/\/impulsamaspalomas.energiagrancanaria.com\/index.php\/wp-json\/wp\/v2\/comments?post=316"}],"version-history":[{"count":6,"href":"https:\/\/impulsamaspalomas.energiagrancanaria.com\/index.php\/wp-json\/wp\/v2\/pages\/316\/revisions"}],"predecessor-version":[{"id":398,"href":"https:\/\/impulsamaspalomas.energiagrancanaria.com\/index.php\/wp-json\/wp\/v2\/pages\/316\/revisions\/398"}],"wp:attachment":[{"href":"https:\/\/impulsamaspalomas.energiagrancanaria.com\/index.php\/wp-json\/wp\/v2\/media?parent=316"}],"curies":[{"name":"wp","href":"https:\/\/api.w.org\/{rel}","templated":true}]}}