{"id":324,"date":"2026-02-06T13:54:47","date_gmt":"2026-02-06T13:54:47","guid":{"rendered":"http:\/\/etuwiqy.cluster100.hosting.ovh.net\/?page_id=324"},"modified":"2026-03-16T16:01:02","modified_gmt":"2026-03-16T16:01:02","slug":"actuacion-2","status":"publish","type":"page","link":"https:\/\/impulsamaspalomas.energiagrancanaria.com\/index.php\/actuacion-2\/","title":{"rendered":"ACTUACI\u00d3N 2"},"content":{"rendered":"\n<div class=\"wp-block-cover alignfull has-custom-content-position is-position-bottom-center\" style=\"margin-top:0;margin-bottom:0;padding-top:var(--wp--preset--spacing--50);padding-right:var(--wp--preset--spacing--50);padding-bottom:var(--wp--preset--spacing--50);padding-left:var(--wp--preset--spacing--50);min-height:578px;aspect-ratio:unset;\"><img loading=\"lazy\" decoding=\"async\" width=\"1024\" height=\"683\" class=\"wp-block-cover__image-background wp-image-404 size-large\" alt=\"\" src=\"http:\/\/etuwiqy.cluster100.hosting.ovh.net\/wp-content\/uploads\/2026\/02\/20260115_Papeleras-en-Playa-del-Ingles-1-1024x683.png\" data-object-fit=\"cover\" srcset=\"https:\/\/impulsamaspalomas.energiagrancanaria.com\/wp-content\/uploads\/2026\/02\/20260115_Papeleras-en-Playa-del-Ingles-1-1024x683.png 1024w, https:\/\/impulsamaspalomas.energiagrancanaria.com\/wp-content\/uploads\/2026\/02\/20260115_Papeleras-en-Playa-del-Ingles-1-300x200.png 300w, https:\/\/impulsamaspalomas.energiagrancanaria.com\/wp-content\/uploads\/2026\/02\/20260115_Papeleras-en-Playa-del-Ingles-1-768x512.png 768w, https:\/\/impulsamaspalomas.energiagrancanaria.com\/wp-content\/uploads\/2026\/02\/20260115_Papeleras-en-Playa-del-Ingles-1-1536x1024.png 1536w, https:\/\/impulsamaspalomas.energiagrancanaria.com\/wp-content\/uploads\/2026\/02\/20260115_Papeleras-en-Playa-del-Ingles-1-2048x1365.png 2048w\" sizes=\"auto, (max-width: 1024px) 100vw, 1024px\" \/><span aria-hidden=\"true\" class=\"wp-block-cover__background has-background-dim-10 has-background-dim\"><\/span><div class=\"wp-block-cover__inner-container has-global-padding is-layout-constrained wp-container-core-cover-is-layout-d89aad35 wp-block-cover-is-layout-constrained\">\n<div class=\"wp-block-group alignwide has-global-padding is-content-justification-left is-layout-constrained wp-container-core-group-is-layout-12dd3699 wp-block-group-is-layout-constrained\">\n<h2 class=\"wp-block-heading has-text-align-left has-xx-large-font-size\">ACTUACION 2<\/h2>\n\n\n\n<p>Ayuntamiento de San Bartolom\u00e9 de Tirajana<\/p>\n<\/div>\n<\/div><\/div>\n\n\n\n<div class=\"wp-block-group alignfull has-global-padding is-layout-constrained wp-block-group-is-layout-constrained\" style=\"margin-top:0;margin-bottom:0\">\n<div class=\"wp-block-group alignwide is-layout-flow wp-container-core-group-is-layout-d58a0413 wp-block-group-is-layout-flow\" style=\"padding-top:var(--wp--preset--spacing--50);padding-bottom:var(--wp--preset--spacing--50)\">\n<div class=\"wp-block-columns is-layout-flex wp-container-core-columns-is-layout-cbe57604 wp-block-columns-is-layout-flex\">\n<div class=\"wp-block-column is-layout-flow wp-block-column-is-layout-flow\">\n<div class=\"wp-block-group is-layout-flow wp-block-group-is-layout-flow\" style=\"border-top-color:var(--wp--preset--color--accent-6);border-top-width:1px;padding-top:var(--wp--preset--spacing--30);padding-bottom:var(--wp--preset--spacing--30)\">\n<p><\/p>\n\n\n\n<p><\/p>\n\n\n\n<p><\/p>\n\n\n\n<p>Esta actuaci\u00f3n persigue mejorar y aumentar la recogida separada de residuos en la zona de intervenci\u00f3n.<br>Para ello se contempla:<br>a) PLAYAS. Implantaci\u00f3n de la recogida selectiva en las playas de la zona de intervenci\u00f3n.<\/p>\n\n\n\n<p>Adquisici\u00f3n e instalaci\u00f3n de papeleras de residuos en la red de senderos.<br>c) ENTORNO LITORAL. Mejora de la segregaci\u00f3n de residuos en el paseo y zonas aleda\u00f1as al litoral de la<br>zona de intervenci\u00f3n.<\/p>\n\n\n\n<p>An\u00e1lisis del dise\u00f1o de contenedores\/papeleras m\u00e1s apropiados para la minimizaci\u00f3n de su afecci\u00f3n a la<br>din\u00e1mica sedimentaria de la Reserva Natural de las Dunas de Maspalomas.<\/p>\n\n\n\n<p>Adquisici\u00f3n e instalaci\u00f3n de contenedores\/papeleras de residuos para la implantaci\u00f3n de la recogida<br>selectiva.<\/p>\n\n\n\n<p><br>b) SENDEROS RNED. Implantaci\u00f3n de la recogida selectiva en la red de senderos de la RNED.<\/p>\n\n\n\n<p>An\u00e1lisis del dise\u00f1o de papeleras de recogida separada de residuos m\u00e1s apropiados para la minimizaci\u00f3n<br>de su afecci\u00f3n a la din\u00e1mica del ecosistema dunar de la RNED.<\/p>\n\n\n\n<p><\/p>\n\n\n\n<p><\/p>\n\n\n\n<p><\/p>\n\n\n\n<p><\/p>\n<\/div>\n<\/div>\n\n\n\n<div class=\"wp-block-column is-layout-flow wp-block-column-is-layout-flow\">\n<div class=\"wp-block-group is-layout-flow wp-block-group-is-layout-flow\" style=\"border-top-color:var(--wp--preset--color--accent-6);border-top-width:1px;padding-top:var(--wp--preset--spacing--30);padding-bottom:var(--wp--preset--spacing--30)\">\n<p>Resultados previstos: <\/p>\n<\/div>\n\n\n\n<p>El principal objetivo de la actuaci\u00f3n es restaurar, conservar, proteger y poner en valor los ecosistemas y mejorar las infraestructuras y equipamientos p\u00fablicos as\u00ed como mejorar la gesti\u00f3n del uso p\u00fablico y potenciar los valores ambientales del espacio natural para su uso tur\u00edstico.<\/p>\n\n\n\n<div class=\"wp-block-group is-layout-flow wp-block-group-is-layout-flow\" style=\"border-top-color:var(--wp--preset--color--accent-6);border-top-width:1px;padding-top:var(--wp--preset--spacing--30);padding-bottom:var(--wp--preset--spacing--30)\">\n<h3 class=\"wp-block-heading\"><strong>Presupuesto:<\/strong>\u00a0450.00,00 \u20ac<\/h3>\n\n\n\n<p><strong>Estado:<\/strong>&nbsp;En ejecuci\u00f3n<\/p>\n<\/div>\n<\/div>\n<\/div>\n<\/div>\n<\/div>\n\n\n\n<div class=\"wp-block-group alignfull has-global-padding is-layout-constrained wp-block-group-is-layout-constrained\" style=\"margin-top:0;margin-bottom:0;padding-top:var(--wp--preset--spacing--50);padding-bottom:var(--wp--preset--spacing--50)\">\n<div class=\"wp-block-group alignwide is-layout-grid wp-container-core-group-is-layout-840b37f5 wp-block-group-is-layout-grid\">\n<div class=\"wp-block-group is-vertical is-layout-flex wp-container-core-group-is-layout-d6b9ab57 wp-block-group-is-layout-flex\">\n<h2 class=\"wp-block-heading has-x-large-font-size\">Contratos asociados<\/h2>\n<\/div>\n\n\n\n<div class=\"wp-block-group is-vertical is-content-justification-stretch is-layout-flex wp-container-core-group-is-layout-353c4f5a wp-block-group-is-layout-flex\">\n<div class=\"wp-block-cover is-light\"><img loading=\"lazy\" decoding=\"async\" width=\"2436\" height=\"1624\" class=\"wp-block-cover__image-background wp-image-360 size-full\" alt=\"\" src=\"http:\/\/etuwiqy.cluster100.hosting.ovh.net\/wp-content\/uploads\/2026\/02\/20260115_Papeleras-en-Playa-del-Ingles.png\" data-object-fit=\"cover\" srcset=\"https:\/\/impulsamaspalomas.energiagrancanaria.com\/wp-content\/uploads\/2026\/02\/20260115_Papeleras-en-Playa-del-Ingles.png 2436w, https:\/\/impulsamaspalomas.energiagrancanaria.com\/wp-content\/uploads\/2026\/02\/20260115_Papeleras-en-Playa-del-Ingles-300x200.png 300w, https:\/\/impulsamaspalomas.energiagrancanaria.com\/wp-content\/uploads\/2026\/02\/20260115_Papeleras-en-Playa-del-Ingles-1024x683.png 1024w, https:\/\/impulsamaspalomas.energiagrancanaria.com\/wp-content\/uploads\/2026\/02\/20260115_Papeleras-en-Playa-del-Ingles-768x512.png 768w, https:\/\/impulsamaspalomas.energiagrancanaria.com\/wp-content\/uploads\/2026\/02\/20260115_Papeleras-en-Playa-del-Ingles-1536x1024.png 1536w, https:\/\/impulsamaspalomas.energiagrancanaria.com\/wp-content\/uploads\/2026\/02\/20260115_Papeleras-en-Playa-del-Ingles-2048x1365.png 2048w\" sizes=\"auto, (max-width: 2436px) 100vw, 2436px\" \/><span aria-hidden=\"true\" class=\"wp-block-cover__background has-background-dim-0 has-background-dim\" style=\"background-color:#833d3a\"><\/span><div class=\"wp-block-cover__inner-container has-global-padding is-layout-constrained wp-block-cover-is-layout-constrained\">\n<p class=\"has-text-align-center has-base-color has-text-color has-link-color has-large-font-size wp-elements-0f86dbf9e53042acd6c0431638b685d2\"><a href=\"https:\/\/contrataciondelestado.es\/wps\/portal\/plataforma\/buscadores\/detalle\/!ut\/p\/z1\/hY9LD4IwEIR_kem2lAJHHqUUQUAeSi-ExMSQ8DDG8Psthqu6t8l-MzuLFLoiNffrcO9fwzL3o9atYh3lme-HEQG7NAIgSVDXLNokQQ26_EOUXsOXcUH71QcxDZ82cZOzUgoAGYVBUmMTBGE78COj1R2szm144UrHgMw76w5xnla5IBiAoXpenpP-p9yyhhtfR9Rii1JqU0Ls3S8ESOwJoPh4CoDlFo95UW0n_vkfU-jIQzt1aeW-Ad2MDmU!\/dz\/d5\/L2dBISEvZ0FBIS9nQSEh\/\">Suministro de papeleras y contenedores<\/a><\/p>\n<\/div><\/div>\n<\/div>\n\n\n\n<div class=\"wp-block-group is-vertical is-content-justification-stretch is-layout-flex wp-container-core-group-is-layout-353c4f5a wp-block-group-is-layout-flex\">\n<div class=\"wp-block-cover is-light\"><img loading=\"lazy\" decoding=\"async\" width=\"2560\" height=\"1707\" class=\"wp-block-cover__image-background wp-image-392 size-full\" alt=\"\" src=\"http:\/\/etuwiqy.cluster100.hosting.ovh.net\/wp-content\/uploads\/2025\/10\/DSCF0031-scaled.jpg\" data-object-fit=\"cover\" srcset=\"https:\/\/impulsamaspalomas.energiagrancanaria.com\/wp-content\/uploads\/2025\/10\/DSCF0031-scaled.jpg 2560w, https:\/\/impulsamaspalomas.energiagrancanaria.com\/wp-content\/uploads\/2025\/10\/DSCF0031-300x200.jpg 300w, https:\/\/impulsamaspalomas.energiagrancanaria.com\/wp-content\/uploads\/2025\/10\/DSCF0031-1024x683.jpg 1024w, https:\/\/impulsamaspalomas.energiagrancanaria.com\/wp-content\/uploads\/2025\/10\/DSCF0031-768x512.jpg 768w, https:\/\/impulsamaspalomas.energiagrancanaria.com\/wp-content\/uploads\/2025\/10\/DSCF0031-1536x1024.jpg 1536w, https:\/\/impulsamaspalomas.energiagrancanaria.com\/wp-content\/uploads\/2025\/10\/DSCF0031-2048x1365.jpg 2048w\" sizes=\"auto, (max-width: 2560px) 100vw, 2560px\" \/><span aria-hidden=\"true\" class=\"wp-block-cover__background has-background-dim-0 has-background-dim\" style=\"background-color:#828282\"><\/span><div class=\"wp-block-cover__inner-container has-global-padding is-layout-constrained wp-block-cover-is-layout-constrained\">\n<div style=\"height:var(--wp--preset--spacing--20)\" aria-hidden=\"true\" class=\"wp-block-spacer\"><\/div>\n\n\n\n<p class=\"has-text-align-center has-base-color has-text-color has-link-color wp-elements-cfc76932ea0513748622b9c0ea56e7f5\">Obra de autocompactadoras(pendiente de ejecuci\u00f3n)<\/p>\n<\/div><\/div>\n<\/div>\n<\/div>\n<\/div>\n","protected":false},"excerpt":{"rendered":"<p>Esta actuaci\u00f3n persigue mejorar y aumentar la recogida separada de residuos en la zona de intervenci\u00f3n.Para ello se contempla:a) PLAYAS. Implantaci\u00f3n de la recogida selectiva en las playas de la zona de intervenci\u00f3n. Adquisici\u00f3n e instalaci\u00f3n de papeleras de residuos en la red de senderos.c) ENTORNO LITORAL. Mejora de la segregaci\u00f3n de residuos en el [&hellip;]<\/p>\n","protected":false},"author":2,"featured_media":0,"parent":0,"menu_order":0,"comment_status":"closed","ping_status":"closed","template":"","meta":{"footnotes":""},"class_list":["post-324","page","type-page","status-publish","hentry"],"_links":{"self":[{"href":"https:\/\/impulsamaspalomas.energiagrancanaria.com\/index.php\/wp-json\/wp\/v2\/pages\/324","targetHints":{"allow":["GET"]}}],"collection":[{"href":"https:\/\/impulsamaspalomas.energiagrancanaria.com\/index.php\/wp-json\/wp\/v2\/pages"}],"about":[{"href":"https:\/\/impulsamaspalomas.energiagrancanaria.com\/index.php\/wp-json\/wp\/v2\/types\/page"}],"author":[{"embeddable":true,"href":"https:\/\/impulsamaspalomas.energiagrancanaria.com\/index.php\/wp-json\/wp\/v2\/users\/2"}],"replies":[{"embeddable":true,"href":"https:\/\/impulsamaspalomas.energiagrancanaria.com\/index.php\/wp-json\/wp\/v2\/comments?post=324"}],"version-history":[{"count":12,"href":"https:\/\/impulsamaspalomas.energiagrancanaria.com\/index.php\/wp-json\/wp\/v2\/pages\/324\/revisions"}],"predecessor-version":[{"id":660,"href":"https:\/\/impulsamaspalomas.energiagrancanaria.com\/index.php\/wp-json\/wp\/v2\/pages\/324\/revisions\/660"}],"wp:attachment":[{"href":"https:\/\/impulsamaspalomas.energiagrancanaria.com\/index.php\/wp-json\/wp\/v2\/media?parent=324"}],"curies":[{"name":"wp","href":"https:\/\/api.w.org\/{rel}","templated":true}]}}