{"id":327,"date":"2026-02-06T13:54:53","date_gmt":"2026-02-06T13:54:53","guid":{"rendered":"http:\/\/etuwiqy.cluster100.hosting.ovh.net\/?page_id=327"},"modified":"2026-03-16T16:02:07","modified_gmt":"2026-03-16T16:02:07","slug":"actuacion-3","status":"publish","type":"page","link":"https:\/\/impulsamaspalomas.energiagrancanaria.com\/index.php\/actuacion-3\/","title":{"rendered":"ACTUACION 3"},"content":{"rendered":"\n<div class=\"wp-block-cover alignfull has-custom-content-position is-position-bottom-center\" style=\"margin-top:0;margin-bottom:0;padding-top:var(--wp--preset--spacing--50);padding-right:var(--wp--preset--spacing--50);padding-bottom:var(--wp--preset--spacing--50);padding-left:var(--wp--preset--spacing--50);min-height:578px;aspect-ratio:unset;\"><img loading=\"lazy\" decoding=\"async\" width=\"1024\" height=\"576\" class=\"wp-block-cover__image-background wp-image-361 size-full\" alt=\"\" src=\"http:\/\/etuwiqy.cluster100.hosting.ovh.net\/wp-content\/uploads\/2026\/02\/5ff49f95-eb69-425b-9379-7c2c141b43e6_16-9-discover-aspect-ratio_default_0-1024x576-1.jpg\" data-object-fit=\"cover\" srcset=\"https:\/\/impulsamaspalomas.energiagrancanaria.com\/wp-content\/uploads\/2026\/02\/5ff49f95-eb69-425b-9379-7c2c141b43e6_16-9-discover-aspect-ratio_default_0-1024x576-1.jpg 1024w, https:\/\/impulsamaspalomas.energiagrancanaria.com\/wp-content\/uploads\/2026\/02\/5ff49f95-eb69-425b-9379-7c2c141b43e6_16-9-discover-aspect-ratio_default_0-1024x576-1-300x169.jpg 300w, https:\/\/impulsamaspalomas.energiagrancanaria.com\/wp-content\/uploads\/2026\/02\/5ff49f95-eb69-425b-9379-7c2c141b43e6_16-9-discover-aspect-ratio_default_0-1024x576-1-768x432.jpg 768w\" sizes=\"auto, (max-width: 1024px) 100vw, 1024px\" \/><span aria-hidden=\"true\" class=\"wp-block-cover__background has-background-dim-10 has-background-dim\"><\/span><div class=\"wp-block-cover__inner-container has-global-padding is-layout-constrained wp-container-core-cover-is-layout-d89aad35 wp-block-cover-is-layout-constrained\">\n<div class=\"wp-block-group alignwide has-global-padding is-content-justification-left is-layout-constrained wp-container-core-group-is-layout-12dd3699 wp-block-group-is-layout-constrained\">\n<h2 class=\"wp-block-heading has-text-align-left has-xx-large-font-size\">ACTUACION 3<\/h2>\n\n\n\n<p>Consorcio de Maspalomas<\/p>\n<\/div>\n<\/div><\/div>\n\n\n\n<div class=\"wp-block-group alignfull has-global-padding is-layout-constrained wp-block-group-is-layout-constrained\" style=\"margin-top:0;margin-bottom:0\">\n<div class=\"wp-block-group alignwide is-layout-flow wp-container-core-group-is-layout-d58a0413 wp-block-group-is-layout-flow\" style=\"padding-top:var(--wp--preset--spacing--50);padding-bottom:var(--wp--preset--spacing--50)\">\n<div class=\"wp-block-columns is-layout-flex wp-container-core-columns-is-layout-cbe57604 wp-block-columns-is-layout-flex\">\n<div class=\"wp-block-column is-layout-flow wp-block-column-is-layout-flow\">\n<div class=\"wp-block-group is-layout-flow wp-block-group-is-layout-flow\" style=\"border-top-color:var(--wp--preset--color--accent-6);border-top-width:1px;padding-top:var(--wp--preset--spacing--30);padding-bottom:var(--wp--preset--spacing--30)\">\n<p><strong>Drenaje Urbano para prevenir las inundaciones por escorrent\u00eda pluvial en el entorno de la Charca de Maspalomas<\/strong><\/p>\n\n\n\n<p><\/p>\n\n\n\n<p>El barranco de Maspalomas es una zona calificada como de riesgo alto de inundaci\u00f3n, que discurre canalizado por el interior de una urbanizaci\u00f3n tur\u00edstica con amplias zonas impermeables que favorecen la escorrent\u00eda pluvial. Este barranco descarga en la Charca de Maspalomas, humedal de alto valor paisaj\u00edstico y para la biodiversidad.<\/p>\n\n\n\n<p>Se hace necesario reducir la entrada de caudales y contaminantes que puedan provocar un deterioro de este humedal.<\/p>\n\n\n\n<p>Una de los efectos del cambio clim\u00e1tico es el aumento en la frecuencia y virulencia de las lluvias torrenciales que generan este enorme impacto medioambiental en la Charca de Maspalomas.<\/p>\n\n\n\n<p><\/p>\n\n\n\n<p><\/p>\n\n\n\n<p><\/p>\n\n\n\n<p><\/p>\n\n\n\n<p><\/p>\n<\/div>\n<\/div>\n\n\n\n<div class=\"wp-block-column is-layout-flow wp-block-column-is-layout-flow\">\n<div class=\"wp-block-group is-layout-flow wp-block-group-is-layout-flow\" style=\"border-top-color:var(--wp--preset--color--accent-6);border-top-width:1px;padding-top:var(--wp--preset--spacing--30);padding-bottom:var(--wp--preset--spacing--30)\">\n<p>Resultados previstos: <\/p>\n\n\n\n<ul class=\"wp-block-list\">\n<li>Construir un espacio demostrativo para la reducci\u00f3n y tratamiento de la escorrent\u00eda pluvial urbana.<\/li>\n\n\n\n<li>Disminuir el deterioro de la Charca de Maspalomas como consecuencia de la contaminaci\u00f3n arrastrada por la escorrent\u00eda pluvial cuya virulencia y frecuencia se ha incrementado a causa del cambio clim\u00e1tico<\/li>\n\n\n\n<li>Difundir el concepto y estrategias del drenaje urbano sostenible entre los agentes sociales y econ\u00f3micos.<\/li>\n\n\n\n<li>Promover los conocimientos y herramientas de dise\u00f1o de soluciones basadas en la naturaleza para una gesti\u00f3n m\u00e1s respetuosa con el ciclo natural del agua.<\/li>\n\n\n\n<li>Transformar un espacio p\u00fablico urbano en un lugar de inter\u00e9s para la biodiversidad, que constituya un elemento para la conectividad ecol\u00f3gica de la Reserva Natural Especial de las Dunas de Maspalomas con los espacios naturales cercanos, a la par que se mejora el grado de atractivo de la zona para las turistas.<\/li>\n<\/ul>\n\n\n\n<h3 class=\"wp-block-heading\"><strong>Presupuesto:<\/strong>\u00a0475.000,00 \u20ac<\/h3>\n\n\n\n<p><strong>Estado:<\/strong>&nbsp;En proceso de cambio por otra licitaci\u00f3n<\/p>\n<\/div>\n<\/div>\n<\/div>\n\n\n\n<p><\/p>\n\n\n\n<p data-start=\"156\" data-end=\"423\">La actuaci\u00f3n inicialmente prevista, relativa a la obra para la implantaci\u00f3n de un sistema urbano de drenaje sostenible en el entorno de la Charca de Maspalomas, qued\u00f3 desierta, por lo que no ha resultado posible su ejecuci\u00f3n en los t\u00e9rminos inicialmente contemplados.<\/p>\n<p data-start=\"425\" data-end=\"1217\">Con el fin de no comprometer la ejecuci\u00f3n global del Plan y de seguir reforzando la mejora del entorno urbano y tur\u00edstico de Maspalomas, se propone imputar dicho importe a una actuaci\u00f3n ya ejecutada por el Consorcio de Maspalomas Gran Canaria, correspondiente al contrato para ejecutar las obras de reforma para el acondicionamiento paisaj\u00edstico de una ladera o talud de pronunciada pendiente sobre suelo urbano bien delimitado, en primera l\u00ednea de playa, con arreglo al proyecto denominado \u201cAcondicionamiento Paisaj\u00edstico de Ladera Entorno Tobog\u00e1n Playa\u201d.<\/p>\n<p data-start=\"1219\" data-end=\"1833\">De este modo, no solo se da continuidad a la finalidad de mejora y rehabilitaci\u00f3n del espacio tur\u00edstico de Maspalomas, sino que adem\u00e1s se refuerza el impacto del Plan mediante la incorporaci\u00f3n de una intervenci\u00f3n ya materializada, vinculada igualmente a la cualificaci\u00f3n paisaj\u00edstica, funcional y urbana del frente litoral. Seg\u00fan consta en la Plataforma, el contrato ten\u00eda por objeto el acondicionamiento paisaj\u00edstico de la ladera del entorno Tobog\u00e1n Playa.<\/p>\n<\/div>\n<\/div>\n\n\n\n<div class=\"wp-block-group alignfull is-style-default has-global-padding is-layout-constrained wp-block-group-is-layout-constrained\" style=\"margin-top:0;margin-bottom:0;padding-top:var(--wp--preset--spacing--50);padding-bottom:var(--wp--preset--spacing--50)\">\n<div class=\"wp-block-group alignwide is-layout-grid wp-container-core-group-is-layout-840b37f5 wp-block-group-is-layout-grid\">\n<div class=\"wp-block-group is-vertical is-layout-flex wp-container-core-group-is-layout-d6b9ab57 wp-block-group-is-layout-flex\">\n<h2 class=\"wp-block-heading has-x-large-font-size\">Contrato asociado inicialmente<\/h2>\n<\/div>\n\n\n\n<div class=\"wp-block-cover is-light\"><img loading=\"lazy\" decoding=\"async\" width=\"1024\" height=\"576\" class=\"wp-block-cover__image-background wp-image-361 size-full\" alt=\"\" src=\"http:\/\/etuwiqy.cluster100.hosting.ovh.net\/wp-content\/uploads\/2026\/02\/5ff49f95-eb69-425b-9379-7c2c141b43e6_16-9-discover-aspect-ratio_default_0-1024x576-1.jpg\" data-object-fit=\"cover\" srcset=\"https:\/\/impulsamaspalomas.energiagrancanaria.com\/wp-content\/uploads\/2026\/02\/5ff49f95-eb69-425b-9379-7c2c141b43e6_16-9-discover-aspect-ratio_default_0-1024x576-1.jpg 1024w, https:\/\/impulsamaspalomas.energiagrancanaria.com\/wp-content\/uploads\/2026\/02\/5ff49f95-eb69-425b-9379-7c2c141b43e6_16-9-discover-aspect-ratio_default_0-1024x576-1-300x169.jpg 300w, https:\/\/impulsamaspalomas.energiagrancanaria.com\/wp-content\/uploads\/2026\/02\/5ff49f95-eb69-425b-9379-7c2c141b43e6_16-9-discover-aspect-ratio_default_0-1024x576-1-768x432.jpg 768w\" sizes=\"auto, (max-width: 1024px) 100vw, 1024px\" \/><span aria-hidden=\"true\" class=\"wp-block-cover__background has-background-dim-0 has-background-dim\" style=\"background-color:#833d3a\"><\/span><div class=\"wp-block-cover__inner-container has-global-padding is-layout-constrained wp-block-cover-is-layout-constrained\">\n<div style=\"height:var(--wp--preset--spacing--20)\" aria-hidden=\"true\" class=\"wp-block-spacer\"><\/div>\n\n\n\n<p class=\"has-text-align-center has-base-color has-text-color has-link-color wp-elements-c8af0ab1e9e12fc8e3f3d13bdb31236c\"><a href=\"https:\/\/contrataciondelestado.es\/wps\/portal\/plataforma\/buscadores\/detalle\/!ut\/p\/z1\/hVDLcoJAEPwajmGH17rmhjwWiEYMD2UvFCaIVAFrAZHfz2K8pCqJc-uZ7p6eQQwdEOuKa10VY827ohE4YzjXna1luZ4KJNJsUNd2kmBvhipK0f4RhYkx_FEmCD27UQzN0tMgDXHkUwDfc-11ohhAVXwn_OORiQyL3EydnekvNdiu3kSGINzEIVUVAIySjvetuCeaveoP59qgTCGYEMXQVHLXUwq-sqKgKy-vNuBw4QTOLp5XPNIHiFUNP34_zOyOGqkQ68tT2Ze9_NmL9nkcL8OzBBJM0yRXnFdNKb_zVoLfJGc-jOjwk4kurbv0n7I238Sndk-GL98nNoQ!\/dz\/d5\/L2dBISEvZ0FBIS9nQSEh\/\">Obras de Drenaje urbano<\/a><\/p>\n<\/div><\/div>\n\n\n\n<div class=\"wp-block-group is-vertical is-layout-flex wp-container-core-group-is-layout-d6b9ab57 wp-block-group-is-layout-flex\">\n<h2 class=\"wp-block-heading has-x-large-font-size\">Contrato asociado posteriormente<\/h2>\n<\/div>\n\n\n\n<div class=\"wp-block-cover is-light\"><img loading=\"lazy\" decoding=\"async\" width=\"1024\" height=\"683\" class=\"wp-block-cover__image-background wp-image-606 size-full\" alt=\"\" src=\"http:\/\/etuwiqy.cluster100.hosting.ovh.net\/wp-content\/uploads\/2026\/03\/ladera-entorno-del-tobogan-de-Playa-del-Ingles-1024x683-1.jpg\" data-object-fit=\"cover\" srcset=\"https:\/\/impulsamaspalomas.energiagrancanaria.com\/wp-content\/uploads\/2026\/03\/ladera-entorno-del-tobogan-de-Playa-del-Ingles-1024x683-1.jpg 1024w, https:\/\/impulsamaspalomas.energiagrancanaria.com\/wp-content\/uploads\/2026\/03\/ladera-entorno-del-tobogan-de-Playa-del-Ingles-1024x683-1-300x200.jpg 300w, https:\/\/impulsamaspalomas.energiagrancanaria.com\/wp-content\/uploads\/2026\/03\/ladera-entorno-del-tobogan-de-Playa-del-Ingles-1024x683-1-768x512.jpg 768w\" sizes=\"auto, (max-width: 1024px) 100vw, 1024px\" \/><span aria-hidden=\"true\" class=\"wp-block-cover__background has-background-dim-0 has-background-dim\" style=\"background-color:#833d3a\"><\/span><div class=\"wp-block-cover__inner-container has-global-padding is-layout-constrained wp-block-cover-is-layout-constrained\">\n<div style=\"height:var(--wp--preset--spacing--20)\" aria-hidden=\"true\" class=\"wp-block-spacer\"><\/div>\n\n\n\n<p class=\"has-text-align-center has-base-color has-text-color has-link-color wp-elements-ad5341fb820f1599e78ca8c5fd44ef7d\"><a href=\"https:\/\/contrataciondelestado.es\/wps\/portal\/plataforma\/buscadores\/detalle\/!ut\/p\/z1\/hY9LD4IwEIR_kem2QIEj0FKKICAPpRdCYmJIeBhj-P0Ww1Xd22S_mZ1FCl2Rmvt1uPevYZn7UetW0c7kWRCEEQGnNBiQhNU1jTZJUIMu_xCl1_BlPNB-9UEsIzCbuMlpKQWAjEKW1NgCQegO_MhodQe78xpeeNI1IPPPukOcp1UuCAagqJ6X56T_Kbes4cbXEbWYOK5Lwabm7hcCJPYFmPh4YkBzm8e8qLYT__yPKXTloZ26tPLebR71rA!!\/dz\/d5\/L2dBISEvZ0FBIS9nQSEh\/\">Nuevo proyecto \u00abAcondicionamiento Paisaj\u00edstico de Ladera Entorno Tobog\u00e1n Playa<\/a>\u00ab<\/p>\n<\/div><\/div>\n<\/div>\n<\/div>\n","protected":false},"excerpt":{"rendered":"<p>Drenaje Urbano para prevenir las inundaciones por escorrent\u00eda pluvial en el entorno de la Charca de Maspalomas El barranco de Maspalomas es una zona calificada como de riesgo alto de inundaci\u00f3n, que discurre canalizado por el interior de una urbanizaci\u00f3n tur\u00edstica con amplias zonas impermeables que favorecen la escorrent\u00eda pluvial. Este barranco descarga en la [&hellip;]<\/p>\n","protected":false},"author":2,"featured_media":0,"parent":0,"menu_order":0,"comment_status":"closed","ping_status":"closed","template":"","meta":{"footnotes":""},"class_list":["post-327","page","type-page","status-publish","hentry"],"_links":{"self":[{"href":"https:\/\/impulsamaspalomas.energiagrancanaria.com\/index.php\/wp-json\/wp\/v2\/pages\/327","targetHints":{"allow":["GET"]}}],"collection":[{"href":"https:\/\/impulsamaspalomas.energiagrancanaria.com\/index.php\/wp-json\/wp\/v2\/pages"}],"about":[{"href":"https:\/\/impulsamaspalomas.energiagrancanaria.com\/index.php\/wp-json\/wp\/v2\/types\/page"}],"author":[{"embeddable":true,"href":"https:\/\/impulsamaspalomas.energiagrancanaria.com\/index.php\/wp-json\/wp\/v2\/users\/2"}],"replies":[{"embeddable":true,"href":"https:\/\/impulsamaspalomas.energiagrancanaria.com\/index.php\/wp-json\/wp\/v2\/comments?post=327"}],"version-history":[{"count":15,"href":"https:\/\/impulsamaspalomas.energiagrancanaria.com\/index.php\/wp-json\/wp\/v2\/pages\/327\/revisions"}],"predecessor-version":[{"id":662,"href":"https:\/\/impulsamaspalomas.energiagrancanaria.com\/index.php\/wp-json\/wp\/v2\/pages\/327\/revisions\/662"}],"wp:attachment":[{"href":"https:\/\/impulsamaspalomas.energiagrancanaria.com\/index.php\/wp-json\/wp\/v2\/media?parent=327"}],"curies":[{"name":"wp","href":"https:\/\/api.w.org\/{rel}","templated":true}]}}