{"id":413,"date":"2026-02-06T13:55:02","date_gmt":"2026-02-06T13:55:02","guid":{"rendered":"http:\/\/etuwiqy.cluster100.hosting.ovh.net\/?page_id=413"},"modified":"2026-03-16T16:09:52","modified_gmt":"2026-03-16T16:09:52","slug":"actuacion-5","status":"publish","type":"page","link":"https:\/\/impulsamaspalomas.energiagrancanaria.com\/index.php\/actuacion-5\/","title":{"rendered":"ACTUACI\u00d3N 5"},"content":{"rendered":"\n<div class=\"wp-block-cover alignfull is-light has-custom-content-position is-position-bottom-center\" style=\"margin-top:0;margin-bottom:0;padding-top:var(--wp--preset--spacing--50);padding-right:var(--wp--preset--spacing--50);padding-bottom:var(--wp--preset--spacing--50);padding-left:var(--wp--preset--spacing--50);min-height:578px;aspect-ratio:unset;\"><img loading=\"lazy\" decoding=\"async\" width=\"1024\" height=\"555\" class=\"wp-block-cover__image-background wp-image-546 size-full\" alt=\"\" src=\"http:\/\/etuwiqy.cluster100.hosting.ovh.net\/wp-content\/uploads\/2026\/02\/20240416_ParqueSurNuevaLuminaria_02-1024x555-1.jpg\" data-object-fit=\"cover\" srcset=\"https:\/\/impulsamaspalomas.energiagrancanaria.com\/wp-content\/uploads\/2026\/02\/20240416_ParqueSurNuevaLuminaria_02-1024x555-1.jpg 1024w, https:\/\/impulsamaspalomas.energiagrancanaria.com\/wp-content\/uploads\/2026\/02\/20240416_ParqueSurNuevaLuminaria_02-1024x555-1-300x163.jpg 300w, https:\/\/impulsamaspalomas.energiagrancanaria.com\/wp-content\/uploads\/2026\/02\/20240416_ParqueSurNuevaLuminaria_02-1024x555-1-768x416.jpg 768w\" sizes=\"auto, (max-width: 1024px) 100vw, 1024px\" \/><span aria-hidden=\"true\" class=\"wp-block-cover__background has-background-dim-10 has-background-dim\"><\/span><div class=\"wp-block-cover__inner-container has-global-padding is-layout-constrained wp-container-core-cover-is-layout-d89aad35 wp-block-cover-is-layout-constrained\">\n<div class=\"wp-block-group alignwide has-global-padding is-content-justification-left is-layout-constrained wp-container-core-group-is-layout-12dd3699 wp-block-group-is-layout-constrained\">\n<h2 class=\"wp-block-heading has-text-align-left has-base-color has-text-color has-link-color has-xx-large-font-size wp-elements-4c841384dfa0791768467ded7e893cbe\">ACTUACION 5<\/h2>\n\n\n\n<p class=\"has-base-color has-text-color has-link-color wp-elements-b89d8a94090adfd2d667a66ad8035579\">Consorcio de Maspalomas<\/p>\n<\/div>\n<\/div><\/div>\n\n\n\n<div class=\"wp-block-group alignfull has-global-padding is-layout-constrained wp-block-group-is-layout-constrained\" style=\"margin-top:0;margin-bottom:0\">\n<div class=\"wp-block-group alignwide is-layout-flow wp-container-core-group-is-layout-d58a0413 wp-block-group-is-layout-flow\" style=\"padding-top:var(--wp--preset--spacing--50);padding-bottom:var(--wp--preset--spacing--50)\">\n<div class=\"wp-block-columns is-layout-flex wp-container-core-columns-is-layout-cbe57604 wp-block-columns-is-layout-flex\">\n<div class=\"wp-block-column is-layout-flow wp-block-column-is-layout-flow\">\n<div class=\"wp-block-group is-layout-flow wp-block-group-is-layout-flow\" style=\"border-top-color:var(--wp--preset--color--accent-6);border-top-width:1px;padding-top:var(--wp--preset--spacing--30);padding-bottom:var(--wp--preset--spacing--30)\">\n<p>Luminarias <\/p>\n\n\n\n<p>La contrataci\u00f3n de luminarias responde a la necesidad de mejorar la eficiencia energ\u00e9tica de las infraestructuras p\u00fablicas vinculadas a la actividad tur\u00edstica en el litoral. Seg\u00fan el Plan de Acci\u00f3n por el Clima y la Energ\u00eda Sostenible del municipio, el alumbrado p\u00fablico representa el 67 % del consumo el\u00e9ctrico del destino, por lo que su renovaci\u00f3n constituye una medida prioritaria para reducir consumos y avanzar hacia un modelo tur\u00edstico m\u00e1s sostenible.<\/p>\n\n\n\n<p><\/p>\n\n\n\n<p>El principal objetivo de esta actuaci\u00f3n es renovar el alumbrado p\u00fablico del litoral, playas, paseos e inmediaciones, mediante la sustituci\u00f3n de luminarias obsoletas por nuevos sistemas de tecnolog\u00eda LED alimentados por paneles solares. Asimismo, en funci\u00f3n de su viabilidad t\u00e9cnica, podr\u00e1n incorporarse elementos de optimizaci\u00f3n del uso, como detectores de presencia o reguladores, as\u00ed como luminarias con temperaturas de color adecuadas y reflectores orientados hacia el suelo, con el fin de mejorar la eficiencia energ\u00e9tica y reducir la contaminaci\u00f3n lum\u00ednica.<\/p>\n\n\n\n<p><\/p>\n\n\n\n<p><\/p>\n\n\n\n<p><\/p>\n<\/div>\n<\/div>\n\n\n\n<div class=\"wp-block-column is-layout-flow wp-block-column-is-layout-flow\">\n<div class=\"wp-block-group is-layout-flow wp-block-group-is-layout-flow\" style=\"border-top-color:var(--wp--preset--color--accent-6);border-top-width:1px;padding-top:var(--wp--preset--spacing--30);padding-bottom:var(--wp--preset--spacing--30)\">\n<p>Resultados previstos: <\/p>\n\n\n\n<ul class=\"wp-block-list\">\n<li>Sustituci\u00f3n de luminarias obsoletas por sistemas m\u00e1s eficientes.<\/li>\n<\/ul>\n\n\n\n<ul class=\"wp-block-list\">\n<li>Reducci\u00f3n del consumo el\u00e9ctrico del alumbrado p\u00fablico del litoral<\/li>\n<\/ul>\n\n\n\n<ul class=\"wp-block-list\">\n<li>Disminuci\u00f3n de la huella de carbono derivada de la actividad tur\u00edstica del destino.<\/li>\n<\/ul>\n\n\n\n<ul class=\"wp-block-list\">\n<li>Reducci\u00f3n de la contaminaci\u00f3n lum\u00ednica mediante soluciones de iluminaci\u00f3n m\u00e1s sostenibles.<\/li>\n\n\n\n<li>Mejora de la imagen del destino como espacio tur\u00edstico comprometido con la sostenibilidad.<\/li>\n<\/ul>\n\n\n\n<h3 class=\"wp-block-heading\"><strong>Presupuesto:<\/strong>\u00a0470.00,00 \u20ac<\/h3>\n\n\n\n<p><strong>Estado:<\/strong>&nbsp;En ejecuci\u00f3n<\/p>\n<\/div>\n<\/div>\n<\/div>\n<\/div>\n<\/div>\n\n\n\n<div class=\"wp-block-group alignfull has-global-padding is-layout-constrained wp-block-group-is-layout-constrained\" style=\"margin-top:0;margin-bottom:0;padding-top:var(--wp--preset--spacing--50);padding-bottom:var(--wp--preset--spacing--50)\">\n<div class=\"wp-block-group alignwide is-layout-grid wp-container-core-group-is-layout-840b37f5 wp-block-group-is-layout-grid\">\n<div class=\"wp-block-group is-vertical is-layout-flex wp-container-core-group-is-layout-d6b9ab57 wp-block-group-is-layout-flex\">\n<h2 class=\"wp-block-heading has-x-large-font-size\">Contratos asociados<\/h2>\n<\/div>\n\n\n\n<div class=\"wp-block-group is-vertical is-content-justification-stretch is-layout-flex wp-container-core-group-is-layout-353c4f5a wp-block-group-is-layout-flex\">\n<div class=\"wp-block-cover is-light\"><img loading=\"lazy\" decoding=\"async\" width=\"1024\" height=\"555\" class=\"wp-block-cover__image-background wp-image-546 size-full\" alt=\"\" src=\"http:\/\/etuwiqy.cluster100.hosting.ovh.net\/wp-content\/uploads\/2026\/02\/20240416_ParqueSurNuevaLuminaria_02-1024x555-1.jpg\" data-object-fit=\"cover\" srcset=\"https:\/\/impulsamaspalomas.energiagrancanaria.com\/wp-content\/uploads\/2026\/02\/20240416_ParqueSurNuevaLuminaria_02-1024x555-1.jpg 1024w, https:\/\/impulsamaspalomas.energiagrancanaria.com\/wp-content\/uploads\/2026\/02\/20240416_ParqueSurNuevaLuminaria_02-1024x555-1-300x163.jpg 300w, https:\/\/impulsamaspalomas.energiagrancanaria.com\/wp-content\/uploads\/2026\/02\/20240416_ParqueSurNuevaLuminaria_02-1024x555-1-768x416.jpg 768w\" sizes=\"auto, (max-width: 1024px) 100vw, 1024px\" \/><span aria-hidden=\"true\" class=\"wp-block-cover__background has-background-dim-0 has-background-dim\" style=\"background-color:#833d3a\"><\/span><div class=\"wp-block-cover__inner-container has-global-padding is-layout-constrained wp-block-cover-is-layout-constrained\">\n<p class=\"has-base-color has-text-color has-link-color wp-elements-17b0c0f86386c46b55b85ca888e8fd47\"><a href=\"https:\/\/contrataciondelestado.es\/wps\/portal\/plataforma\/buscadores\/detalle\/!ut\/p\/z1\/hVDLcoJAEPwajmGHBRbMDXksEI0YHspeKEwQqQLWAqK_n8V4SVUS59Yz3T09gxjaI9aXl6Yup4b3ZStwzkihuRvb9nwMZqw6gFdOmhJ_hhhlaPeIwsQY_igLhJ7dKLpqa1mYRSQOKEDge84qVXSgmNwJ_3jkIoNRWJm7tYKFCpvlm8gQRuskolgBICjt-dCJe-LZq_lwLy3KFVMHbJimTu56SiFQlhQ05eXVARIZbuhuk3nFI32IWN3yw_fDrP6gmjViQ3WshmqQPwfRPk3TeXyWQILr9SrXnNdtJb_zToLfJCc-Tmj_k4nOnbcInvKuWCfHbmeOX1iRz8c!\/dz\/d5\/L2dBISEvZ0FBIS9nQSEh\/\">Suministro de luminarias<\/a><\/p>\n\n\n\n<div style=\"height:var(--wp--preset--spacing--20)\" aria-hidden=\"true\" class=\"wp-block-spacer\"><\/div>\n<\/div><\/div>\n<\/div>\n<\/div>\n<\/div>\n","protected":false},"excerpt":{"rendered":"<p>Luminarias La contrataci\u00f3n de luminarias responde a la necesidad de mejorar la eficiencia energ\u00e9tica de las infraestructuras p\u00fablicas vinculadas a la actividad tur\u00edstica en el litoral. Seg\u00fan el Plan de Acci\u00f3n por el Clima y la Energ\u00eda Sostenible del municipio, el alumbrado p\u00fablico representa el 67 % del consumo el\u00e9ctrico del destino, por lo que [&hellip;]<\/p>\n","protected":false},"author":2,"featured_media":0,"parent":0,"menu_order":0,"comment_status":"closed","ping_status":"closed","template":"","meta":{"footnotes":""},"class_list":["post-413","page","type-page","status-publish","hentry"],"_links":{"self":[{"href":"https:\/\/impulsamaspalomas.energiagrancanaria.com\/index.php\/wp-json\/wp\/v2\/pages\/413","targetHints":{"allow":["GET"]}}],"collection":[{"href":"https:\/\/impulsamaspalomas.energiagrancanaria.com\/index.php\/wp-json\/wp\/v2\/pages"}],"about":[{"href":"https:\/\/impulsamaspalomas.energiagrancanaria.com\/index.php\/wp-json\/wp\/v2\/types\/page"}],"author":[{"embeddable":true,"href":"https:\/\/impulsamaspalomas.energiagrancanaria.com\/index.php\/wp-json\/wp\/v2\/users\/2"}],"replies":[{"embeddable":true,"href":"https:\/\/impulsamaspalomas.energiagrancanaria.com\/index.php\/wp-json\/wp\/v2\/comments?post=413"}],"version-history":[{"count":10,"href":"https:\/\/impulsamaspalomas.energiagrancanaria.com\/index.php\/wp-json\/wp\/v2\/pages\/413\/revisions"}],"predecessor-version":[{"id":670,"href":"https:\/\/impulsamaspalomas.energiagrancanaria.com\/index.php\/wp-json\/wp\/v2\/pages\/413\/revisions\/670"}],"wp:attachment":[{"href":"https:\/\/impulsamaspalomas.energiagrancanaria.com\/index.php\/wp-json\/wp\/v2\/media?parent=413"}],"curies":[{"name":"wp","href":"https:\/\/api.w.org\/{rel}","templated":true}]}}