{"id":416,"date":"2026-02-06T13:55:08","date_gmt":"2026-02-06T13:55:08","guid":{"rendered":"http:\/\/etuwiqy.cluster100.hosting.ovh.net\/?page_id=416"},"modified":"2026-03-16T12:34:40","modified_gmt":"2026-03-16T12:34:40","slug":"actuacion-6","status":"publish","type":"page","link":"https:\/\/impulsamaspalomas.energiagrancanaria.com\/index.php\/actuacion-6\/","title":{"rendered":"ACTUACI\u00d3N 6"},"content":{"rendered":"\n<div class=\"wp-block-cover alignfull is-light has-custom-content-position is-position-bottom-center\" style=\"margin-top:0;margin-bottom:0;padding-top:var(--wp--preset--spacing--50);padding-right:var(--wp--preset--spacing--50);padding-bottom:var(--wp--preset--spacing--50);padding-left:var(--wp--preset--spacing--50);min-height:578px;aspect-ratio:unset;\"><img loading=\"lazy\" decoding=\"async\" width=\"1024\" height=\"683\" class=\"wp-block-cover__image-background wp-image-369 size-large\" alt=\"\" src=\"http:\/\/etuwiqy.cluster100.hosting.ovh.net\/wp-content\/uploads\/2026\/02\/ChatGPT-Image-4-feb-2026-16_15_07-1024x683.png\" data-object-fit=\"cover\" srcset=\"https:\/\/impulsamaspalomas.energiagrancanaria.com\/wp-content\/uploads\/2026\/02\/ChatGPT-Image-4-feb-2026-16_15_07-1024x683.png 1024w, https:\/\/impulsamaspalomas.energiagrancanaria.com\/wp-content\/uploads\/2026\/02\/ChatGPT-Image-4-feb-2026-16_15_07-300x200.png 300w, https:\/\/impulsamaspalomas.energiagrancanaria.com\/wp-content\/uploads\/2026\/02\/ChatGPT-Image-4-feb-2026-16_15_07-768x512.png 768w, https:\/\/impulsamaspalomas.energiagrancanaria.com\/wp-content\/uploads\/2026\/02\/ChatGPT-Image-4-feb-2026-16_15_07.png 1536w\" sizes=\"auto, (max-width: 1024px) 100vw, 1024px\" \/><span aria-hidden=\"true\" class=\"wp-block-cover__background has-background-dim-10 has-background-dim\"><\/span><div class=\"wp-block-cover__inner-container has-global-padding is-layout-constrained wp-container-core-cover-is-layout-d89aad35 wp-block-cover-is-layout-constrained\">\n<div class=\"wp-block-group alignwide has-global-padding is-content-justification-left is-layout-constrained wp-container-core-group-is-layout-12dd3699 wp-block-group-is-layout-constrained\">\n<h2 class=\"wp-block-heading has-text-align-left has-xx-large-font-size\">ACTUACION 6<\/h2>\n\n\n\n<p>Consorcio de Maspalomas<\/p>\n<\/div>\n<\/div><\/div>\n\n\n\n<div class=\"wp-block-group alignfull has-global-padding is-layout-constrained wp-block-group-is-layout-constrained\" style=\"margin-top:0;margin-bottom:0\">\n<div class=\"wp-block-group alignwide is-layout-flow wp-container-core-group-is-layout-d58a0413 wp-block-group-is-layout-flow\" style=\"padding-top:var(--wp--preset--spacing--50);padding-bottom:var(--wp--preset--spacing--50)\">\n<div class=\"wp-block-columns is-layout-flex wp-container-core-columns-is-layout-cbe57604 wp-block-columns-is-layout-flex\">\n<div class=\"wp-block-column is-layout-flow wp-block-column-is-layout-flow\">\n<div class=\"wp-block-group is-layout-flow wp-block-group-is-layout-flow\" style=\"border-top-color:var(--wp--preset--color--accent-6);border-top-width:1px;padding-top:var(--wp--preset--spacing--30);padding-bottom:var(--wp--preset--spacing--30)\">\n<p>CARRIL BICI &#8211; PASEO DE MELONERAS<\/p>\n\n\n\n<p><\/p>\n\n\n\n<p><\/p>\n\n\n\n<p>El dise\u00f1o de red ciclista se plantea con el objetivo de que se pueda compatibilizar el tr\u00e1fico rodado con el uso de la bicicleta, u otros veh\u00edculos de movilidad personal, aportando mayores variantes de recorrido en bici por la urbanizaci\u00f3n de Meloneras, mayor seguridad, fluidez y confort funcional para todos los usuarios del viario urbano y especialmente para las bicis como medio de transporte.<br>Con base a la amplitud de la secci\u00f3n viaria de la urbanizaci\u00f3n, la red ciclista para la zona de Meloneras plantea, mayormente, el uso de la calzada existente como lugar de implantaci\u00f3n de la nueva red ciclista.<br>La estrategia de dise\u00f1o plantea la implantaci\u00f3n de manera sencilla, sin impactos en el funcionamiento, ni en la capacidad de aparcamiento anejo a viario existente.<br>En todo caso, con base a la econom\u00eda de medios en la integraci\u00f3n inicial de la bicicleta por las calles de Meloneras, las soluciones a ejecutar se desarrollar\u00e1n con base a las siguientes tipolog\u00edas:<\/p>\n\n\n\n<ol class=\"wp-block-list\">\n<li>Ciclocarriles o carriles 30, donde ambos medios de transporte coexisten mediante abundante se\u00f1alizaci\u00f3n horizontal y vertical sobre la presencia de ciclistas.<\/li>\n\n\n\n<li>Bandas de protecci\u00f3n unidireccionales sobre calzada existente, en calles existentes divididas por medianas, o en calzadas bidireccionales sobredimensionadas por carril y sentido, mediante se\u00f1alizaci\u00f3n horizontal y vertical clara sobre la presencia de ciclistas.<\/li>\n\n\n\n<li>Carriles bici sobre espacios libres p\u00fablicos y anejos a acera.<\/li>\n<\/ol>\n\n\n\n<p>El principal objetivo de la actuaci\u00f3n es mejorar la adaptaci\u00f3n de los destinos tur\u00edsticos y las empresas que los conforman a las estrategias de econom\u00eda circular, la reducci\u00f3n del consumo de recursos h\u00eddricos y la protecci\u00f3n de los recursos naturales.<\/p>\n\n\n\n<p><\/p>\n\n\n\n<p><\/p>\n\n\n\n<p><\/p>\n\n\n\n<p><\/p>\n<\/div>\n<\/div>\n\n\n\n<div class=\"wp-block-column is-layout-flow wp-block-column-is-layout-flow\">\n<div class=\"wp-block-group is-layout-flow wp-block-group-is-layout-flow\" style=\"border-top-color:var(--wp--preset--color--accent-6);border-top-width:1px;padding-top:var(--wp--preset--spacing--30);padding-bottom:var(--wp--preset--spacing--30)\">\n<p>Resultados previstos: <\/p>\n\n\n\n<ul class=\"wp-block-list\">\n<li>Fomento de la movilidad urbana sostenible en la zona de intervenci\u00f3n, compaginando la movilidad peatonal con el uso de la bicicleta en el litoral.<\/li>\n\n\n\n<li>Reducci\u00f3n anual de gases de efecto invernadero en la zona de intervenci\u00f3n<\/li>\n\n\n\n<li>Creaci\u00f3n de nuevas alternativas de ocio para los turistas en la costa del municipio<\/li>\n<\/ul>\n\n\n\n<h3 class=\"wp-block-heading\"><strong>Presupuesto:<\/strong>\u00a0500.00,00 \u20ac<\/h3>\n\n\n\n<p><strong>Estado:<\/strong>&nbsp;En proceso de cambio por otro contrato.<\/p>\n<\/div>\n<\/div>\n<\/div>\n\n\n\n<p data-start=\"161\" data-end=\"596\"><strong>Una actuaci\u00f3n que suma valor al destino<\/strong><\/p>\n<p data-start=\"161\" data-end=\"596\">La actuaci\u00f3n inicialmente prevista para la ejecuci\u00f3n de un carril bici en el Paseo Meloneras,\u00a0qued\u00f3 desierta, por lo que se ha planteado reorientar esta inversi\u00f3n hacia una intervenci\u00f3n ya ejecutada por el Consorcio de Maspalomas con fondos propios: la obra correspondiente al \u201cPlan de Accesibilidad: Proyecto de acondicionamiento de accesos a las playas de Maspalomas Costa Canaria\u201d.<\/p>\n<p data-start=\"598\" data-end=\"1190\">Esta actuaci\u00f3n ha permitido mejorar los distintos puntos de acceso y los recorridos peatonales de conexi\u00f3n entre la urbanizaci\u00f3n y la playa, reforzando la funcionalidad, la accesibilidad y la calidad del espacio tur\u00edstico. Con esta reprogramaci\u00f3n no solo se garantiza un mejor aprovechamiento de los recursos disponibles, sino que adem\u00e1s se incorporan al Plan actuaciones que contribuyen de forma directa a la mejora de la experiencia de uso del litoral, a la adaptaci\u00f3n del destino y a la puesta en valor de un entorno especialmente sensible y estrat\u00e9gico como es Maspalomas.<\/p>\n<p data-start=\"1192\" data-end=\"1398\">De este modo, el Plan gana en solidez y alcance, integrando una intervenci\u00f3n ya materializada que aporta resultados tangibles en t\u00e9rminos de accesibilidad, conectividad peatonal y mejora del frente costero.<\/p>\n<p data-start=\"2484\" data-end=\"2728\">\n<\/div>\n<\/div>\n\n\n\n<div class=\"wp-block-group alignfull has-global-padding is-layout-constrained wp-block-group-is-layout-constrained\" style=\"margin-top:0;margin-bottom:0;padding-top:var(--wp--preset--spacing--50);padding-bottom:var(--wp--preset--spacing--50)\">\n<div class=\"wp-block-group alignwide is-layout-grid wp-container-core-group-is-layout-840b37f5 wp-block-group-is-layout-grid\">\n<div class=\"wp-block-group is-vertical is-layout-flex wp-container-core-group-is-layout-d6b9ab57 wp-block-group-is-layout-flex\">\n<h2 class=\"wp-block-heading has-x-large-font-size\">Contrato asociado inicialmente<\/h2>\n<\/div>\n\n\n\n<div class=\"wp-block-group is-vertical is-content-justification-stretch is-layout-flex wp-container-core-group-is-layout-353c4f5a wp-block-group-is-layout-flex\">\n<div class=\"wp-block-cover\"><img loading=\"lazy\" decoding=\"async\" width=\"2560\" height=\"1440\" class=\"wp-block-cover__image-background wp-image-393 size-full\" alt=\"\" src=\"http:\/\/etuwiqy.cluster100.hosting.ovh.net\/wp-content\/uploads\/2025\/10\/RemoteMediaFile_6553753_0_2022_08_12_07_26_06-scaled.jpeg\" data-object-fit=\"cover\" srcset=\"https:\/\/impulsamaspalomas.energiagrancanaria.com\/wp-content\/uploads\/2025\/10\/RemoteMediaFile_6553753_0_2022_08_12_07_26_06-scaled.jpeg 2560w, https:\/\/impulsamaspalomas.energiagrancanaria.com\/wp-content\/uploads\/2025\/10\/RemoteMediaFile_6553753_0_2022_08_12_07_26_06-300x169.jpeg 300w, https:\/\/impulsamaspalomas.energiagrancanaria.com\/wp-content\/uploads\/2025\/10\/RemoteMediaFile_6553753_0_2022_08_12_07_26_06-1024x576.jpeg 1024w, https:\/\/impulsamaspalomas.energiagrancanaria.com\/wp-content\/uploads\/2025\/10\/RemoteMediaFile_6553753_0_2022_08_12_07_26_06-768x432.jpeg 768w, https:\/\/impulsamaspalomas.energiagrancanaria.com\/wp-content\/uploads\/2025\/10\/RemoteMediaFile_6553753_0_2022_08_12_07_26_06-1536x864.jpeg 1536w, https:\/\/impulsamaspalomas.energiagrancanaria.com\/wp-content\/uploads\/2025\/10\/RemoteMediaFile_6553753_0_2022_08_12_07_26_06-2048x1152.jpeg 2048w\" sizes=\"auto, (max-width: 2560px) 100vw, 2560px\" \/><span aria-hidden=\"true\" class=\"wp-block-cover__background has-background-dim-0 has-background-dim\" style=\"background-color:#833d3a\"><\/span><div class=\"wp-block-cover__inner-container has-global-padding is-layout-constrained wp-block-cover-is-layout-constrained\">\n<div style=\"height:var(--wp--preset--spacing--20)\" aria-hidden=\"true\" class=\"wp-block-spacer\"><\/div>\n\n\n\n<p class=\"has-text-align-center\"><a href=\"https:\/\/contrataciondelestado.es\/wps\/portal\/plataforma\/buscadores\/detalle\/!ut\/p\/z1\/jZJPU4MwEMU_DVeyAZqiNwqUP1ZLpUHIpQOKlBkgHUph9NM3WC_OKLi33bxf3ptNEEMxYk3al0XalbxJK9EnjBw0e2uaa1cBPVQtUDYWpcQdWwW9zAmYOIY_yoAZ3rnxs_4L1dQiPwpI6DkAnru2NhQvBE7-x08EnOXZl2QqwdwO2KSJ2EEiQi4PRmTvDO9Ohe3qWQj84HEfOAoGIIg2vK3Fc4XjXeWb3VcowToBwIoK-Jt3HPDwygENPzxZQIKl7du7_Zhhjg_zC_IRKyqe3f6E0WSqXiDW5u95m7fypRXjY9edzvcSSDAMg1xwXlS5_MprCX5DjvzcofinEp1qSmkMZVD7_aetaiz7GK5bTu7y\/dz\/d5\/L2dBISEvZ0FBIS9nQSEh\/\">Obras carril bici<\/a><\/p>\n<\/div><\/div>\n<\/div>\n\n\n\n<div class=\"wp-block-group is-vertical is-layout-flex wp-container-core-group-is-layout-d6b9ab57 wp-block-group-is-layout-flex\">\n<h2 class=\"wp-block-heading has-x-large-font-size\">Contrato asociado posteriormente<\/h2>\n<\/div>\n\n\n\n<div class=\"wp-block-cover\"><img loading=\"lazy\" decoding=\"async\" width=\"2560\" height=\"1440\" class=\"wp-block-cover__image-background wp-image-393 size-full\" alt=\"\" src=\"http:\/\/etuwiqy.cluster100.hosting.ovh.net\/wp-content\/uploads\/2025\/10\/RemoteMediaFile_6553753_0_2022_08_12_07_26_06-scaled.jpeg\" data-object-fit=\"cover\" srcset=\"https:\/\/impulsamaspalomas.energiagrancanaria.com\/wp-content\/uploads\/2025\/10\/RemoteMediaFile_6553753_0_2022_08_12_07_26_06-scaled.jpeg 2560w, https:\/\/impulsamaspalomas.energiagrancanaria.com\/wp-content\/uploads\/2025\/10\/RemoteMediaFile_6553753_0_2022_08_12_07_26_06-300x169.jpeg 300w, https:\/\/impulsamaspalomas.energiagrancanaria.com\/wp-content\/uploads\/2025\/10\/RemoteMediaFile_6553753_0_2022_08_12_07_26_06-1024x576.jpeg 1024w, https:\/\/impulsamaspalomas.energiagrancanaria.com\/wp-content\/uploads\/2025\/10\/RemoteMediaFile_6553753_0_2022_08_12_07_26_06-768x432.jpeg 768w, https:\/\/impulsamaspalomas.energiagrancanaria.com\/wp-content\/uploads\/2025\/10\/RemoteMediaFile_6553753_0_2022_08_12_07_26_06-1536x864.jpeg 1536w, https:\/\/impulsamaspalomas.energiagrancanaria.com\/wp-content\/uploads\/2025\/10\/RemoteMediaFile_6553753_0_2022_08_12_07_26_06-2048x1152.jpeg 2048w\" sizes=\"auto, (max-width: 2560px) 100vw, 2560px\" \/><span aria-hidden=\"true\" class=\"wp-block-cover__background has-background-dim-0 has-background-dim\" style=\"background-color:#833d3a\"><\/span><div class=\"wp-block-cover__inner-container has-global-padding is-layout-constrained wp-block-cover-is-layout-constrained\">\n<div style=\"height:var(--wp--preset--spacing--20)\" aria-hidden=\"true\" class=\"wp-block-spacer\"><\/div>\n\n\n\n<p class=\"has-text-align-center\"> Nuevo proyecto Acondicionamiento de Playas<\/p>\n<\/div><\/div>\n<\/div>\n<\/div>\n","protected":false},"excerpt":{"rendered":"<p>CARRIL BICI &#8211; PASEO DE MELONERAS El dise\u00f1o de red ciclista se plantea con el objetivo de que se pueda compatibilizar el tr\u00e1fico rodado con el uso de la bicicleta, u otros veh\u00edculos de movilidad personal, aportando mayores variantes de recorrido en bici por la urbanizaci\u00f3n de Meloneras, mayor seguridad, fluidez y confort funcional para [&hellip;]<\/p>\n","protected":false},"author":2,"featured_media":0,"parent":0,"menu_order":0,"comment_status":"closed","ping_status":"closed","template":"","meta":{"footnotes":""},"class_list":["post-416","page","type-page","status-publish","hentry"],"_links":{"self":[{"href":"https:\/\/impulsamaspalomas.energiagrancanaria.com\/index.php\/wp-json\/wp\/v2\/pages\/416","targetHints":{"allow":["GET"]}}],"collection":[{"href":"https:\/\/impulsamaspalomas.energiagrancanaria.com\/index.php\/wp-json\/wp\/v2\/pages"}],"about":[{"href":"https:\/\/impulsamaspalomas.energiagrancanaria.com\/index.php\/wp-json\/wp\/v2\/types\/page"}],"author":[{"embeddable":true,"href":"https:\/\/impulsamaspalomas.energiagrancanaria.com\/index.php\/wp-json\/wp\/v2\/users\/2"}],"replies":[{"embeddable":true,"href":"https:\/\/impulsamaspalomas.energiagrancanaria.com\/index.php\/wp-json\/wp\/v2\/comments?post=416"}],"version-history":[{"count":8,"href":"https:\/\/impulsamaspalomas.energiagrancanaria.com\/index.php\/wp-json\/wp\/v2\/pages\/416\/revisions"}],"predecessor-version":[{"id":634,"href":"https:\/\/impulsamaspalomas.energiagrancanaria.com\/index.php\/wp-json\/wp\/v2\/pages\/416\/revisions\/634"}],"wp:attachment":[{"href":"https:\/\/impulsamaspalomas.energiagrancanaria.com\/index.php\/wp-json\/wp\/v2\/media?parent=416"}],"curies":[{"name":"wp","href":"https:\/\/api.w.org\/{rel}","templated":true}]}}