{"id":419,"date":"2026-02-06T13:55:13","date_gmt":"2026-02-06T13:55:13","guid":{"rendered":"http:\/\/etuwiqy.cluster100.hosting.ovh.net\/?page_id=419"},"modified":"2026-03-16T11:39:26","modified_gmt":"2026-03-16T11:39:26","slug":"actuacion-7","status":"publish","type":"page","link":"https:\/\/impulsamaspalomas.energiagrancanaria.com\/index.php\/actuacion-7\/","title":{"rendered":"ACTUACI\u00d3N 7"},"content":{"rendered":"\n<div class=\"wp-block-cover alignfull is-light has-custom-content-position is-position-bottom-center\" style=\"margin-top:0;margin-bottom:0;padding-top:var(--wp--preset--spacing--50);padding-right:var(--wp--preset--spacing--50);padding-bottom:var(--wp--preset--spacing--50);padding-left:var(--wp--preset--spacing--50);min-height:578px;aspect-ratio:unset;\"><span aria-hidden=\"true\" class=\"wp-block-cover__background has-background-dim-10 has-background-dim\"><\/span><div class=\"wp-block-cover__inner-container has-global-padding is-layout-constrained wp-container-core-cover-is-layout-d89aad35 wp-block-cover-is-layout-constrained\">\n<div class=\"wp-block-group alignwide has-global-padding is-content-justification-left is-layout-constrained wp-container-core-group-is-layout-12dd3699 wp-block-group-is-layout-constrained\">\n<h2 class=\"wp-block-heading has-text-align-left has-xx-large-font-size\">ACTUACION 7<\/h2>\n\n\n\n<p>Consejo Insular de la Energ\u00eda<\/p>\n<\/div>\n<\/div><\/div>\n\n\n\n<div class=\"wp-block-group alignfull has-global-padding is-layout-constrained wp-block-group-is-layout-constrained\" style=\"margin-top:0;margin-bottom:0\">\n<div class=\"wp-block-group alignwide is-layout-flow wp-container-core-group-is-layout-d58a0413 wp-block-group-is-layout-flow\" style=\"padding-top:var(--wp--preset--spacing--50);padding-bottom:var(--wp--preset--spacing--50)\">\n<div class=\"wp-block-columns is-layout-flex wp-container-core-columns-is-layout-cbe57604 wp-block-columns-is-layout-flex\">\n<div class=\"wp-block-column is-layout-flow wp-block-column-is-layout-flow\">\n<div class=\"wp-block-group is-layout-flow wp-block-group-is-layout-flow\" style=\"border-top-color:var(--wp--preset--color--accent-6);border-top-width:1px;padding-top:var(--wp--preset--spacing--30);padding-bottom:var(--wp--preset--spacing--30)\">\n<p>Puntos de recarga semirr\u00e1pida y r\u00e1pida en v\u00edas p\u00fablicas<\/p>\n\n\n\n<p><\/p>\n\n\n\n<p><\/p>\n\n\n\n<p class=\"has-text-align-left\">Esta actuaci\u00f3n consiste en la aplicaci\u00f3n de la red de puntos de recarga de veh\u00edculos el\u00e9ctricos del Consejo Insular de la Energ\u00eda de Gran Canaria (CIEGC), perteneciente al Cabildo de Gran Canaria, mediante la instalaci\u00f3n de nuevos puntos de recarga ubicados en v\u00edas y\/o aparcamientos p\u00fablicos en las proximidades de la zona de intervenci\u00f3n con el fin de facilitar su conectividad tur\u00edstica con otros municipios u otras zonas tur\u00edsticas del municipio.<\/p>\n\n\n\n<p><\/p>\n\n\n\n<p class=\"has-text-align-left\"> En concreto se pretende la instalaci\u00f3n y puesta en marcha de 30 puntos de recarga lenta de veh\u00edculos el\u00e9ctricos. Este tipo de recarga permite el estacionamiento durante varias horas o durante la noche para cargar el veh\u00edculo por completo. Tambi\u00e9n se prev\u00e9 la instalaci\u00f3n de dos puntos de recarga semir\u00e1pidos de 21 kW en corriente continua. <\/p>\n\n\n\n<p><\/p>\n\n\n\n<p><\/p>\n\n\n\n<p><\/p>\n\n\n\n<p><\/p>\n<\/div>\n<\/div>\n\n\n\n<div class=\"wp-block-column is-layout-flow wp-block-column-is-layout-flow\">\n<div class=\"wp-block-group is-layout-flow wp-block-group-is-layout-flow\" style=\"border-top-color:var(--wp--preset--color--accent-6);border-top-width:1px;padding-top:var(--wp--preset--spacing--30);padding-bottom:var(--wp--preset--spacing--30)\">\n<p>Resultados previstos: <\/p>\n\n\n\n<ul class=\"wp-block-list\">\n<li>Incremento de la red de puntos de recarga de veh\u00edculos el\u00e9ctricos en el destino<\/li>\n\n\n\n<li>Mejora de la movilidad sostenible mediante el aumento del uso de veh\u00edculos el\u00e9ctricos por parte de turistas y visitantes &#8211; Mejora de la experiencia del turista que demande productos y servicios sostenibles.<\/li>\n\n\n\n<li>Reducci\u00f3n de la contaminaci\u00f3n atmosf\u00e9rica y ac\u00fastica derivada de la movilidad de los turistas<\/li>\n<\/ul>\n\n\n\n<h3 class=\"wp-block-heading\"><strong>Presupuesto:<\/strong>&nbsp;150.00,00 \u20ac<\/h3>\n\n\n\n<p><strong>Estado:<\/strong>&nbsp;En ejecuci\u00f3n<\/p>\n<\/div>\n<\/div>\n<\/div>\n<\/div>\n<\/div>\n\n\n\n<div class=\"wp-block-group alignfull has-global-padding is-layout-constrained wp-block-group-is-layout-constrained\" style=\"margin-top:0;margin-bottom:0;padding-top:var(--wp--preset--spacing--50);padding-bottom:var(--wp--preset--spacing--50)\">\n<div class=\"wp-block-group alignwide is-layout-grid wp-container-core-group-is-layout-840b37f5 wp-block-group-is-layout-grid\">\n<div class=\"wp-block-group is-vertical is-layout-flex wp-container-core-group-is-layout-d6b9ab57 wp-block-group-is-layout-flex\">\n<h2 class=\"wp-block-heading has-x-large-font-size\">Contratos asociados<\/h2>\n<\/div>\n\n\n\n<div class=\"wp-block-group is-vertical is-content-justification-stretch is-layout-flex wp-container-core-group-is-layout-353c4f5a wp-block-group-is-layout-flex\">\n<div class=\"wp-block-cover\"><img loading=\"lazy\" decoding=\"async\" width=\"2560\" height=\"1440\" class=\"wp-block-cover__image-background wp-image-393 size-full\" alt=\"\" src=\"http:\/\/etuwiqy.cluster100.hosting.ovh.net\/wp-content\/uploads\/2025\/10\/RemoteMediaFile_6553753_0_2022_08_12_07_26_06-scaled.jpeg\" data-object-fit=\"cover\" srcset=\"https:\/\/impulsamaspalomas.energiagrancanaria.com\/wp-content\/uploads\/2025\/10\/RemoteMediaFile_6553753_0_2022_08_12_07_26_06-scaled.jpeg 2560w, https:\/\/impulsamaspalomas.energiagrancanaria.com\/wp-content\/uploads\/2025\/10\/RemoteMediaFile_6553753_0_2022_08_12_07_26_06-300x169.jpeg 300w, https:\/\/impulsamaspalomas.energiagrancanaria.com\/wp-content\/uploads\/2025\/10\/RemoteMediaFile_6553753_0_2022_08_12_07_26_06-1024x576.jpeg 1024w, https:\/\/impulsamaspalomas.energiagrancanaria.com\/wp-content\/uploads\/2025\/10\/RemoteMediaFile_6553753_0_2022_08_12_07_26_06-768x432.jpeg 768w, https:\/\/impulsamaspalomas.energiagrancanaria.com\/wp-content\/uploads\/2025\/10\/RemoteMediaFile_6553753_0_2022_08_12_07_26_06-1536x864.jpeg 1536w, https:\/\/impulsamaspalomas.energiagrancanaria.com\/wp-content\/uploads\/2025\/10\/RemoteMediaFile_6553753_0_2022_08_12_07_26_06-2048x1152.jpeg 2048w\" sizes=\"auto, (max-width: 2560px) 100vw, 2560px\" \/><span aria-hidden=\"true\" class=\"wp-block-cover__background has-background-dim-0 has-background-dim\" style=\"background-color:#833d3a\"><\/span><div class=\"wp-block-cover__inner-container has-global-padding is-layout-constrained wp-block-cover-is-layout-constrained\">\n<div style=\"height:10px\" aria-hidden=\"true\" class=\"wp-block-spacer\"><\/div>\n\n\n\n<p class=\"has-text-align-center\"><a href=\"https:\/\/contrataciondelestado.es\/wps\/portal\/plataforma\/buscadores\/detalle\/!ut\/p\/z1\/hY9LD4IwEIR_kem2hQJHHqUUQUAeSi-ExMSQ8DDG8Psthqu6t8l-MzuLFLoiNffrcO9fwzL3o9atYp3BM98PIwJ2SQMgSVDXLNokQQ26_EOUXsOXcUH71QcxqW80cZOzUgoAGYVBUmMTBGE78COj1R2szm144UqHQuaddYc4T6tcEAzAUD0vz0n_U25Zw42vI2qxRTAxKLWd3S8ESOwJMPDxFADLLR7zotpO_PM_ptCRh3bq0sp9Ay1M23g!\/dz\/d5\/L2dBISEvZ0FBIS9nQSEh\/\">Instalaci\u00f3n de puntos de recarga<\/a><\/p>\n<\/div><\/div>\n<\/div>\n<\/div>\n<\/div>\n","protected":false},"excerpt":{"rendered":"<p>Puntos de recarga semirr\u00e1pida y r\u00e1pida en v\u00edas p\u00fablicas Esta actuaci\u00f3n consiste en la aplicaci\u00f3n de la red de puntos de recarga de veh\u00edculos el\u00e9ctricos del Consejo Insular de la Energ\u00eda de Gran Canaria (CIEGC), perteneciente al Cabildo de Gran Canaria, mediante la instalaci\u00f3n de nuevos puntos de recarga ubicados en v\u00edas y\/o aparcamientos p\u00fablicos [&hellip;]<\/p>\n","protected":false},"author":2,"featured_media":0,"parent":0,"menu_order":0,"comment_status":"closed","ping_status":"closed","template":"","meta":{"footnotes":""},"class_list":["post-419","page","type-page","status-publish","hentry"],"_links":{"self":[{"href":"https:\/\/impulsamaspalomas.energiagrancanaria.com\/index.php\/wp-json\/wp\/v2\/pages\/419","targetHints":{"allow":["GET"]}}],"collection":[{"href":"https:\/\/impulsamaspalomas.energiagrancanaria.com\/index.php\/wp-json\/wp\/v2\/pages"}],"about":[{"href":"https:\/\/impulsamaspalomas.energiagrancanaria.com\/index.php\/wp-json\/wp\/v2\/types\/page"}],"author":[{"embeddable":true,"href":"https:\/\/impulsamaspalomas.energiagrancanaria.com\/index.php\/wp-json\/wp\/v2\/users\/2"}],"replies":[{"embeddable":true,"href":"https:\/\/impulsamaspalomas.energiagrancanaria.com\/index.php\/wp-json\/wp\/v2\/comments?post=419"}],"version-history":[{"count":6,"href":"https:\/\/impulsamaspalomas.energiagrancanaria.com\/index.php\/wp-json\/wp\/v2\/pages\/419\/revisions"}],"predecessor-version":[{"id":623,"href":"https:\/\/impulsamaspalomas.energiagrancanaria.com\/index.php\/wp-json\/wp\/v2\/pages\/419\/revisions\/623"}],"wp:attachment":[{"href":"https:\/\/impulsamaspalomas.energiagrancanaria.com\/index.php\/wp-json\/wp\/v2\/media?parent=419"}],"curies":[{"name":"wp","href":"https:\/\/api.w.org\/{rel}","templated":true}]}}