{"id":422,"date":"2026-02-06T13:55:19","date_gmt":"2026-02-06T13:55:19","guid":{"rendered":"http:\/\/etuwiqy.cluster100.hosting.ovh.net\/?page_id=422"},"modified":"2026-03-16T16:16:51","modified_gmt":"2026-03-16T16:16:51","slug":"actuaciones-8-9-y-10","status":"publish","type":"page","link":"https:\/\/impulsamaspalomas.energiagrancanaria.com\/index.php\/actuaciones-8-9-y-10\/","title":{"rendered":"ACTUACIONES 8 9 y 10"},"content":{"rendered":"\n<div class=\"wp-block-cover alignfull is-light has-custom-content-position is-position-bottom-center\" style=\"margin-top:0;margin-bottom:0;padding-top:var(--wp--preset--spacing--50);padding-right:var(--wp--preset--spacing--50);padding-bottom:var(--wp--preset--spacing--50);padding-left:var(--wp--preset--spacing--50);min-height:609px;aspect-ratio:unset;\"><span aria-hidden=\"true\" class=\"wp-block-cover__background has-background-dim-10 has-background-dim\"><\/span><div class=\"wp-block-cover__inner-container has-global-padding is-layout-constrained wp-container-core-cover-is-layout-d89aad35 wp-block-cover-is-layout-constrained\">\n<div class=\"wp-block-group alignwide has-global-padding is-content-justification-left is-layout-constrained wp-container-core-group-is-layout-12dd3699 wp-block-group-is-layout-constrained\">\n<h2 class=\"wp-block-heading has-text-align-left has-xx-large-font-size\">ACTUACIONES 8 9 y 10<\/h2>\n\n\n\n<p>SODETEGC &#8211; Sociedad para el Desarrollo de las Telecomunicaciones de Gran Canaria<\/p>\n<\/div>\n<\/div><\/div>\n\n\n\n<div class=\"wp-block-group alignfull has-global-padding is-layout-constrained wp-block-group-is-layout-constrained\" style=\"margin-top:0;margin-bottom:0\">\n<div class=\"wp-block-group alignwide is-layout-flow wp-container-core-group-is-layout-d58a0413 wp-block-group-is-layout-flow\" style=\"padding-top:var(--wp--preset--spacing--50);padding-bottom:var(--wp--preset--spacing--50)\">\n<div class=\"wp-block-columns is-layout-flex wp-container-core-columns-is-layout-cbe57604 wp-block-columns-is-layout-flex\">\n<div class=\"wp-block-column is-layout-flow wp-block-column-is-layout-flow\">\n<div class=\"wp-block-group is-layout-flow wp-block-group-is-layout-flow\" style=\"border-top-color:var(--wp--preset--color--accent-6);border-top-width:1px;padding-top:var(--wp--preset--spacing--30);padding-bottom:var(--wp--preset--spacing--30)\">\n<p><\/p>\n\n\n\n<p>Estas actuaciones responden a la necesidad de avanzar en la digitalizaci\u00f3n del destino tur\u00edstico Maspalomas Costa Canaria mediante la modernizaci\u00f3n de la se\u00f1al\u00e9tica y de los puntos de informaci\u00f3n tur\u00edstica, el despliegue de sistemas de sens\u00f3rica y la instalaci\u00f3n de pantallas informativas en las zonas de mayor afluencia. Por un lado, se parte de una situaci\u00f3n de obsolescencia de la se\u00f1alizaci\u00f3n, de los puntos de informaci\u00f3n tur\u00edstica y de los centros de interpretaci\u00f3n, que no se encuentran alineados con la imagen actual del destino; por otro, resulta necesario incorporar herramientas tecnol\u00f3gicas que permitan mejorar la experiencia del visitante, facilitar informaci\u00f3n \u00fatil y accesible en tiempo real, y disponer de datos objetivos para una mejor gesti\u00f3n del espacio tur\u00edstico y de sus recursos naturales. Asimismo, se pretende dar respuesta al desconocimiento existente sobre las actividades y productos tur\u00edsticos del destino y sobre las pr\u00e1cticas tur\u00edsticas compatibles con la conservaci\u00f3n de la Reserva Natural Especial de las Dunas de Maspalomas.<\/p>\n\n\n\n<p>El principal objetivo es reforzar la imagen de marca del destino y mejorar su gesti\u00f3n tur\u00edstica mediante soluciones digitales integradas. Para ello, se prev\u00e9 la elaboraci\u00f3n e implantaci\u00f3n de un Plan de Se\u00f1alizaci\u00f3n Tur\u00edstica, la mejora de la se\u00f1al\u00e9tica f\u00edsica y digital en recursos y espacios tur\u00edsticos, la digitalizaci\u00f3n de puntos de informaci\u00f3n tur\u00edstica y centros de interpretaci\u00f3n, el desarrollo de un gestor de contenidos del destino, la producci\u00f3n de contenidos digitales y la conexi\u00f3n de dichos recursos con nuevos soportes de informaci\u00f3n. A ello se suma el despliegue de una red de sens\u00f3rica destinada a monitorizar aforos, par\u00e1metros clim\u00e1ticos y ambientales, movilidad y seguridad en espacios especialmente sensibles, integrando la informaci\u00f3n generada en la plataforma DataGran para su almacenamiento, monitorizaci\u00f3n, gesti\u00f3n y difusi\u00f3n. Finalmente, se contempla la instalaci\u00f3n de t\u00f3tems o pantallas LED en espacios de alta afluencia tur\u00edstica para ofrecer informaci\u00f3n din\u00e1mica sobre el destino, sus recursos, las buenas pr\u00e1cticas ambientales y las pautas de visita compatibles con la conservaci\u00f3n del entorno.<\/p>\n\n\n\n<p><\/p>\n\n\n\n<p><\/p>\n<\/div>\n<\/div>\n\n\n\n<div class=\"wp-block-column is-layout-flow wp-block-column-is-layout-flow\">\n<div class=\"wp-block-group is-layout-flow wp-block-group-is-layout-flow\" style=\"border-top-color:var(--wp--preset--color--accent-6);border-top-width:1px;padding-top:var(--wp--preset--spacing--30);padding-bottom:var(--wp--preset--spacing--30)\">\n<p>Resultados previstos: <\/p>\n\n\n\n<ul class=\"wp-block-list\">\n<li>Consolidar la imagen de marca tur\u00edstica del destino mediante la mejora del branding aplicado a la se\u00f1al\u00e9tica, los puntos de informaci\u00f3n tur\u00edstica, los centros de interpretaci\u00f3n y los nuevos soportes digitales de informaci\u00f3n.<\/li>\n\n\n\n<li>Mejorar la experiencia del turista durante su estancia, facilitando una informaci\u00f3n m\u00e1s completa, accesible, interactiva y adaptada a los nuevos comportamientos digitales de los visitantes.<\/li>\n\n\n\n<li>Disponer de herramientas que permitan monitorizar el comportamiento de los turistas en el destino y mejorar la gesti\u00f3n de los recursos, infraestructuras y productos tur\u00edsticos.<\/li>\n\n\n\n<li>Reforzar la capacidad del destino para obtener y gestionar informaci\u00f3n ambiental y clim\u00e1tica de inter\u00e9s, as\u00ed como para prevenir riesgos y emergencias en espacios especialmente sensibles.<\/li>\n\n\n\n<li>Compatibilizar la actividad tur\u00edstica con la conservaci\u00f3n de la Reserva Natural Especial de las Dunas de Maspalomas mediante acciones de sensibilizaci\u00f3n e informaci\u00f3n sobre pr\u00e1cticas tur\u00edsticas sostenibles.<\/li>\n<\/ul>\n\n\n\n<h3 class=\"wp-block-heading\"><strong>Presupuesto:<\/strong>&nbsp;1.000.00,00 \u20ac<\/h3>\n\n\n\n<p><strong>Estado:<\/strong>&nbsp;En ejecuci\u00f3n<\/p>\n<\/div>\n<\/div>\n<\/div>\n<\/div>\n<\/div>\n\n\n\n<div class=\"wp-block-group alignfull has-global-padding is-layout-constrained wp-block-group-is-layout-constrained\" style=\"margin-top:0;margin-bottom:0;padding-top:var(--wp--preset--spacing--50);padding-bottom:var(--wp--preset--spacing--50)\">\n<div class=\"wp-block-group alignwide is-layout-grid wp-container-core-group-is-layout-840b37f5 wp-block-group-is-layout-grid\">\n<div class=\"wp-block-group is-vertical is-layout-flex wp-container-core-group-is-layout-d6b9ab57 wp-block-group-is-layout-flex\">\n<h2 class=\"wp-block-heading has-x-large-font-size\">Contratos asociados<\/h2>\n<\/div>\n\n\n\n<div class=\"wp-block-group is-vertical is-content-justification-stretch is-layout-flex wp-container-core-group-is-layout-353c4f5a wp-block-group-is-layout-flex\">\n<div class=\"wp-block-cover is-light\"><span aria-hidden=\"true\" class=\"wp-block-cover__background has-background-dim-0 has-background-dim\" style=\"background-color:#833d3a\"><\/span><div class=\"wp-block-cover__inner-container has-global-padding is-layout-constrained wp-block-cover-is-layout-constrained\">\n<div style=\"height:var(--wp--preset--spacing--20)\" aria-hidden=\"true\" class=\"wp-block-spacer\"><\/div>\n\n\n\n<p><a href=\"https:\/\/contrataciondelestado.es\/wps\/portal\/plataforma\/buscadores\/detalle\/!ut\/p\/z1\/hY9LD4IwEIR_kem2wAJHHqUUQUEeSi-ExMSQ8DDG8Pstxqu6t8l-MztLFLkQNffrcOufwzL3o9atws7kxyCIYgZOaYTA0rCuMd4kIw05_0OUXsOX8UD71RuxjMBskibHUgoAGUdhWlMLBMMP8COj1R3szmt44UnXgKN_0h2SPKtywSgAknpeHpP-p9yyhitfR9JStB0L0QD34xcCJPUFmHR_CAFzmye8qLYT__z3KXLlrp26rPJe4CA8Xw!!\/dz\/d5\/L2dBISEvZ0FBIS9nQSEh\/\">Se\u00f1alizaci\u00f3n y Puntos de Informaci\u00f3n Tur\u00edstica inteligente<\/a><\/p>\n<\/div><\/div>\n<\/div>\n\n\n\n<div class=\"wp-block-group is-vertical is-content-justification-stretch is-layout-flex wp-container-core-group-is-layout-353c4f5a wp-block-group-is-layout-flex\">\n<div class=\"wp-block-cover is-light\"><span aria-hidden=\"true\" class=\"wp-block-cover__background has-background-dim-0 has-background-dim\" style=\"background-color:#828282\"><\/span><div class=\"wp-block-cover__inner-container has-global-padding is-layout-constrained wp-block-cover-is-layout-constrained\">\n<div style=\"height:var(--wp--preset--spacing--20)\" aria-hidden=\"true\" class=\"wp-block-spacer\"><\/div>\n\n\n\n<p class=\"has-text-align-center\"><a href=\"https:\/\/contrataciondelestado.es\/wps\/portal\/plataforma\/buscadores\/detalle\/!ut\/p\/z1\/hY9LD4IwEIR_kem2wAJHHqUUQUEeSi-ExMSQ8DDG8Pstxqu6t8l-MztLFLkQNffrcOufwzL3o9atws7kxyCIYgZOaYTA0rCuMd4kIw05_0OUXsOX8UD71RuxjMBskibHUgoAGUdhWlMLBMMP8COj1R3szmt44UnXgKN_0h2SPKtywSgAknpeHpP-p9yyhitfR9JStB0L0QD34xcCJPUFmHR_CAFzmye8qLYT__z3KXLlrp26rPJe4CA8Xw!!\/dz\/d5\/L2dBISEvZ0FBIS9nQSEh\/\">Sens\u00f3rica del destino<\/a><\/p>\n<\/div><\/div>\n<\/div>\n\n\n\n<div class=\"wp-block-group is-vertical is-content-justification-stretch is-layout-flex wp-container-core-group-is-layout-353c4f5a wp-block-group-is-layout-flex\">\n<div class=\"wp-block-cover is-light\"><span aria-hidden=\"true\" class=\"wp-block-cover__background has-background-dim-0 has-background-dim\" style=\"background-color:#d6bc98\"><\/span><div class=\"wp-block-cover__inner-container has-global-padding is-layout-constrained wp-block-cover-is-layout-constrained\">\n<div style=\"height:var(--wp--preset--spacing--20)\" aria-hidden=\"true\" class=\"wp-block-spacer\"><\/div>\n\n\n\n<p class=\"has-text-align-center\"><a href=\"http:\/\/Pantallas de informaci\u00f3n en zonas de mayor afluencia tur\u00edstica\">Pantallas de informaci\u00f3n en zonas de mayor afluencia tur\u00edstica<\/a><\/p>\n<\/div><\/div>\n<\/div>\n<\/div>\n<\/div>\n","protected":false},"excerpt":{"rendered":"<p>Estas actuaciones responden a la necesidad de avanzar en la digitalizaci\u00f3n del destino tur\u00edstico Maspalomas Costa Canaria mediante la modernizaci\u00f3n de la se\u00f1al\u00e9tica y de los puntos de informaci\u00f3n tur\u00edstica, el despliegue de sistemas de sens\u00f3rica y la instalaci\u00f3n de pantallas informativas en las zonas de mayor afluencia. Por un lado, se parte de una [&hellip;]<\/p>\n","protected":false},"author":2,"featured_media":0,"parent":0,"menu_order":0,"comment_status":"closed","ping_status":"closed","template":"","meta":{"footnotes":""},"class_list":["post-422","page","type-page","status-publish","hentry"],"_links":{"self":[{"href":"https:\/\/impulsamaspalomas.energiagrancanaria.com\/index.php\/wp-json\/wp\/v2\/pages\/422","targetHints":{"allow":["GET"]}}],"collection":[{"href":"https:\/\/impulsamaspalomas.energiagrancanaria.com\/index.php\/wp-json\/wp\/v2\/pages"}],"about":[{"href":"https:\/\/impulsamaspalomas.energiagrancanaria.com\/index.php\/wp-json\/wp\/v2\/types\/page"}],"author":[{"embeddable":true,"href":"https:\/\/impulsamaspalomas.energiagrancanaria.com\/index.php\/wp-json\/wp\/v2\/users\/2"}],"replies":[{"embeddable":true,"href":"https:\/\/impulsamaspalomas.energiagrancanaria.com\/index.php\/wp-json\/wp\/v2\/comments?post=422"}],"version-history":[{"count":10,"href":"https:\/\/impulsamaspalomas.energiagrancanaria.com\/index.php\/wp-json\/wp\/v2\/pages\/422\/revisions"}],"predecessor-version":[{"id":674,"href":"https:\/\/impulsamaspalomas.energiagrancanaria.com\/index.php\/wp-json\/wp\/v2\/pages\/422\/revisions\/674"}],"wp:attachment":[{"href":"https:\/\/impulsamaspalomas.energiagrancanaria.com\/index.php\/wp-json\/wp\/v2\/media?parent=422"}],"curies":[{"name":"wp","href":"https:\/\/api.w.org\/{rel}","templated":true}]}}