{"id":425,"date":"2026-02-06T13:55:34","date_gmt":"2026-02-06T13:55:34","guid":{"rendered":"http:\/\/etuwiqy.cluster100.hosting.ovh.net\/?page_id=425"},"modified":"2026-03-16T16:07:46","modified_gmt":"2026-03-16T16:07:46","slug":"actuacion-11","status":"publish","type":"page","link":"https:\/\/impulsamaspalomas.energiagrancanaria.com\/index.php\/actuacion-11\/","title":{"rendered":"ACTUACI\u00d3N 11"},"content":{"rendered":"\n<div class=\"wp-block-cover alignfull is-light has-custom-content-position is-position-bottom-center\" style=\"margin-top:0;margin-bottom:0;padding-top:var(--wp--preset--spacing--50);padding-right:var(--wp--preset--spacing--50);padding-bottom:var(--wp--preset--spacing--50);padding-left:var(--wp--preset--spacing--50);min-height:653px;aspect-ratio:unset;\"><span aria-hidden=\"true\" class=\"wp-block-cover__background has-background-dim-10 has-background-dim\"><\/span><div class=\"wp-block-cover__inner-container has-global-padding is-layout-constrained wp-container-core-cover-is-layout-d89aad35 wp-block-cover-is-layout-constrained\">\n<div class=\"wp-block-group alignwide has-global-padding is-content-justification-left is-layout-constrained wp-container-core-group-is-layout-12dd3699 wp-block-group-is-layout-constrained\">\n<h2 class=\"wp-block-heading has-text-align-left has-xx-large-font-size\">ACTUACION 11<\/h2>\n\n\n\n<p>Consejo Insular de la Energ\u00eda<\/p>\n<\/div>\n<\/div><\/div>\n\n\n\n<div class=\"wp-block-group alignfull has-global-padding is-layout-constrained wp-block-group-is-layout-constrained\" style=\"margin-top:0;margin-bottom:0\">\n<div class=\"wp-block-group alignwide is-layout-flow wp-container-core-group-is-layout-d58a0413 wp-block-group-is-layout-flow\" style=\"padding-top:var(--wp--preset--spacing--50);padding-bottom:var(--wp--preset--spacing--50)\">\n<div class=\"wp-block-columns is-layout-flex wp-container-core-columns-is-layout-cbe57604 wp-block-columns-is-layout-flex\">\n<div class=\"wp-block-column is-layout-flow wp-block-column-is-layout-flow\">\n<div class=\"wp-block-group is-layout-flow wp-block-group-is-layout-flow\" style=\"border-top-color:var(--wp--preset--color--accent-6);border-top-width:1px;padding-top:var(--wp--preset--spacing--30);padding-bottom:var(--wp--preset--spacing--30)\">\n<p><\/p>\n\n\n\n<p><\/p>\n\n\n\n<p><\/p>\n\n\n\n<p>El total del presupuesto asignado a esta actuaci\u00f3n se destina a cubrir las labores jur\u00eddico-administrativas de la elaboraci\u00f3n de proyectos de todos los expedientes de contrataci\u00f3n derivados de cada actuaci\u00f3n del PSTD. <\/p>\n\n\n\n<p><br>Elaborando por parte de una oficina t\u00e9cnica la documentaci\u00f3n jur\u00eddico-administrativa en todos los expedientes de contrataci\u00f3n derivados de cada actuaci\u00f3n del PSTD.<br><\/p>\n\n\n\n<p><\/p>\n\n\n\n<p><\/p>\n<\/div>\n<\/div>\n\n\n\n<div class=\"wp-block-column is-layout-flow wp-block-column-is-layout-flow\">\n<div class=\"wp-block-group is-layout-flow wp-block-group-is-layout-flow\" style=\"border-top-color:var(--wp--preset--color--accent-6);border-top-width:1px;padding-top:var(--wp--preset--spacing--30);padding-bottom:var(--wp--preset--spacing--30)\">\n<p>Resultados previstos: <\/p>\n<\/div>\n\n\n\n<ul class=\"wp-block-list\">\n<li>Apoyar la gesti\u00f3n<\/li>\n\n\n\n<li>Seguimiento de las actuaciones previstas en el Plan ImpulsaMaspalomas.<\/li>\n<\/ul>\n\n\n\n<div class=\"wp-block-group is-layout-flow wp-block-group-is-layout-flow\" style=\"border-top-color:var(--wp--preset--color--accent-6);border-top-width:1px;padding-top:var(--wp--preset--spacing--30);padding-bottom:var(--wp--preset--spacing--30)\">\n<h3 class=\"wp-block-heading\"><strong>Presupuesto:<\/strong>\u00a0220.00,00 \u20ac<\/h3>\n\n\n\n<p><strong>Estado:<\/strong>&nbsp;En ejecuci\u00f3n<\/p>\n<\/div>\n<\/div>\n<\/div>\n<\/div>\n<\/div>\n\n\n\n<div class=\"wp-block-group alignfull has-global-padding is-layout-constrained wp-block-group-is-layout-constrained\" style=\"margin-top:0;margin-bottom:0;padding-top:var(--wp--preset--spacing--50);padding-bottom:var(--wp--preset--spacing--50)\">\n<div class=\"wp-block-group alignwide is-layout-grid wp-container-core-group-is-layout-840b37f5 wp-block-group-is-layout-grid\">\n<div class=\"wp-block-group is-vertical is-layout-flex wp-container-core-group-is-layout-d6b9ab57 wp-block-group-is-layout-flex\">\n<h2 class=\"wp-block-heading has-x-large-font-size\">Contratos asociados<\/h2>\n<\/div>\n\n\n\n<div class=\"wp-block-group is-vertical is-content-justification-stretch is-layout-flex wp-container-core-group-is-layout-353c4f5a wp-block-group-is-layout-flex\">\n<div class=\"wp-block-cover is-light\"><span aria-hidden=\"true\" class=\"wp-block-cover__background has-background-dim-0 has-background-dim\" style=\"background-color:#833d3a\"><\/span><div class=\"wp-block-cover__inner-container has-global-padding is-layout-constrained wp-block-cover-is-layout-constrained\">\n<div style=\"height:var(--wp--preset--spacing--20)\" aria-hidden=\"true\" class=\"wp-block-spacer\"><\/div>\n\n\n\n<p class=\"has-text-align-center\"><a href=\"https:\/\/contrataciondelestado.es\/wps\/portal\/plataforma\/buscadores\/detalle\/!ut\/p\/z1\/hY9LD4IwEIR_kem2QIEj0FKKICAPpRdCYmJIeBhj-P0Ww1Xd22S_mZ1FCl2Rmvt1uPevYZn7UetW0c7kWRCEEQGnNBiQhNU1jTZJUIMu_xCl1_BlPNB-9UEsIzCbuMlpKQWAjEKW1NgCQegO_MhodQe78xpeeNI1IPPPukOcp1UuCAagqJ6X56T_Kbes4cbXEbUYu7bjgkmc3S8ESOwLMPHxxIDmNo95UW0n_vkfU-jKQzt1aeW9AfW5lIY!\/dz\/d5\/L2dBISEvZ0FBIS9nQSEh\/\">Servicio de Oficina T\u00e9cnica al PSTD<\/a><\/p>\n<\/div><\/div>\n<\/div>\n<\/div>\n<\/div>\n","protected":false},"excerpt":{"rendered":"<p>El total del presupuesto asignado a esta actuaci\u00f3n se destina a cubrir las labores jur\u00eddico-administrativas de la elaboraci\u00f3n de proyectos de todos los expedientes de contrataci\u00f3n derivados de cada actuaci\u00f3n del PSTD. Elaborando por parte de una oficina t\u00e9cnica la documentaci\u00f3n jur\u00eddico-administrativa en todos los expedientes de contrataci\u00f3n derivados de cada actuaci\u00f3n del PSTD. Resultados [&hellip;]<\/p>\n","protected":false},"author":2,"featured_media":0,"parent":0,"menu_order":0,"comment_status":"closed","ping_status":"closed","template":"","meta":{"footnotes":""},"class_list":["post-425","page","type-page","status-publish","hentry"],"_links":{"self":[{"href":"https:\/\/impulsamaspalomas.energiagrancanaria.com\/index.php\/wp-json\/wp\/v2\/pages\/425","targetHints":{"allow":["GET"]}}],"collection":[{"href":"https:\/\/impulsamaspalomas.energiagrancanaria.com\/index.php\/wp-json\/wp\/v2\/pages"}],"about":[{"href":"https:\/\/impulsamaspalomas.energiagrancanaria.com\/index.php\/wp-json\/wp\/v2\/types\/page"}],"author":[{"embeddable":true,"href":"https:\/\/impulsamaspalomas.energiagrancanaria.com\/index.php\/wp-json\/wp\/v2\/users\/2"}],"replies":[{"embeddable":true,"href":"https:\/\/impulsamaspalomas.energiagrancanaria.com\/index.php\/wp-json\/wp\/v2\/comments?post=425"}],"version-history":[{"count":8,"href":"https:\/\/impulsamaspalomas.energiagrancanaria.com\/index.php\/wp-json\/wp\/v2\/pages\/425\/revisions"}],"predecessor-version":[{"id":667,"href":"https:\/\/impulsamaspalomas.energiagrancanaria.com\/index.php\/wp-json\/wp\/v2\/pages\/425\/revisions\/667"}],"wp:attachment":[{"href":"https:\/\/impulsamaspalomas.energiagrancanaria.com\/index.php\/wp-json\/wp\/v2\/media?parent=425"}],"curies":[{"name":"wp","href":"https:\/\/api.w.org\/{rel}","templated":true}]}}