{"id":428,"date":"2026-02-06T13:55:29","date_gmt":"2026-02-06T13:55:29","guid":{"rendered":"http:\/\/etuwiqy.cluster100.hosting.ovh.net\/?page_id=428"},"modified":"2026-03-16T16:08:16","modified_gmt":"2026-03-16T16:08:16","slug":"actuaciones-12-y-13","status":"publish","type":"page","link":"https:\/\/impulsamaspalomas.energiagrancanaria.com\/index.php\/actuaciones-12-y-13\/","title":{"rendered":"ACTUACIONES 12 Y 13"},"content":{"rendered":"\n<div class=\"wp-block-cover alignfull is-light has-custom-content-position is-position-bottom-center\" style=\"margin-top:0;margin-bottom:0;padding-top:var(--wp--preset--spacing--50);padding-right:var(--wp--preset--spacing--50);padding-bottom:var(--wp--preset--spacing--50);padding-left:var(--wp--preset--spacing--50);min-height:578px;aspect-ratio:unset;\"><span aria-hidden=\"true\" class=\"wp-block-cover__background has-background-dim-10 has-background-dim\"><\/span><div class=\"wp-block-cover__inner-container has-global-padding is-layout-constrained wp-container-core-cover-is-layout-d89aad35 wp-block-cover-is-layout-constrained\">\n<div class=\"wp-block-group alignwide has-global-padding is-content-justification-left is-layout-constrained wp-container-core-group-is-layout-12dd3699 wp-block-group-is-layout-constrained\">\n<h2 class=\"wp-block-heading has-text-align-left has-xx-large-font-size\">ACTUACIONES 12 Y 13<\/h2>\n\n\n\n<p>TURISMO GRAN CANARIA<\/p>\n<\/div>\n<\/div><\/div>\n\n\n\n<div class=\"wp-block-group alignfull has-global-padding is-layout-constrained wp-block-group-is-layout-constrained\" style=\"margin-top:0;margin-bottom:0\">\n<div class=\"wp-block-group alignwide is-layout-flow wp-container-core-group-is-layout-d58a0413 wp-block-group-is-layout-flow\" style=\"padding-top:var(--wp--preset--spacing--50);padding-bottom:var(--wp--preset--spacing--50)\">\n<div class=\"wp-block-columns is-layout-flex wp-container-core-columns-is-layout-cbe57604 wp-block-columns-is-layout-flex\">\n<div class=\"wp-block-column is-layout-flow wp-block-column-is-layout-flow\">\n<div class=\"wp-block-group is-layout-flow wp-block-group-is-layout-flow\" style=\"border-top-color:var(--wp--preset--color--accent-6);border-top-width:1px;padding-top:var(--wp--preset--spacing--30);padding-bottom:var(--wp--preset--spacing--30)\">\n<p><\/p>\n\n\n\n<p><\/p>\n\n\n\n<p><\/p>\n\n\n\n<p>La baja competitividad detectada en determinados modelos alojativos y comerciales actuales, sobre todo en peque\u00f1os alojamientos, lastra en muchos casos la imagen global del destino.<\/p>\n\n\n\n<p>Muchos establecimientos, comercios y sector de restauraci\u00f3n est\u00e1n obsoletos y\/o no<br>conectados con su entorno, potencialidad y caracter\u00edsticas de los turistas que visitan el destino. Resulta necesario que las futuras intervenciones de renovaci\u00f3n de la industria tur\u00edstica se realicen en base a modelos sostenibles y de eco-innovaci\u00f3n.<\/p>\n\n\n\n<p><\/p>\n\n\n\n<p>El principal objetivo de la actuaci\u00f3n es invertir el c\u00edrculo vicioso de p\u00e9rdida de valor de la industria tur\u00edstica para que puedan<br>desarrollar productos competitivos en base a modelos de negocio s\u00f3lidos y sostenibles y tambi\u00e9n incrementar la calidad de las PYMES tur\u00edsticas.<\/p>\n\n\n\n<p><\/p>\n\n\n\n<p><\/p>\n\n\n\n<p><\/p>\n<\/div>\n<\/div>\n\n\n\n<div class=\"wp-block-column is-layout-flow wp-block-column-is-layout-flow\">\n<div class=\"wp-block-group is-layout-flow wp-block-group-is-layout-flow\" style=\"border-top-color:var(--wp--preset--color--accent-6);border-top-width:1px;padding-top:var(--wp--preset--spacing--30);padding-bottom:var(--wp--preset--spacing--30)\">\n<p>Resultados previstos: <\/p>\n\n\n\n<ul class=\"wp-block-list\">\n<li>Incremento de la puesta en valor del tejido productivo mediante la diversificaci\u00f3n y especializaci\u00f3n de<br>los productos tur\u00edsticos ofrecidos por la industria tur\u00edstica.<\/li>\n\n\n\n<li>Mejora de la competitividad de la industria tur\u00edstica mediante la creaci\u00f3n de nuevos modelos de negocio<br>que apuesten por la innovaci\u00f3n.<\/li>\n\n\n\n<li>Incremento de la sostenibilidad del tejido productivo mediante la incorporaci\u00f3n de criterios de<br>sostenibilidad en los modelos de negocio empresarial.<\/li>\n<\/ul>\n\n\n\n<ul class=\"wp-block-list\">\n<li>Mejora de la calidad de las pymes tur\u00edsticas mediante el fomento a la adhesi\u00f3n al sello de calidad SICTED<br>de calidad tur\u00edstica en destinos.<\/li>\n<\/ul>\n\n\n\n<h3 class=\"wp-block-heading\"><strong>Presupuesto:<\/strong>\u00a0735.00,00 \u20ac<\/h3>\n\n\n\n<p><strong>Estado:<\/strong>&nbsp;En ejecuci\u00f3n y pendiente de imputar el coste a otros expedientes o convenios ya ejecutados<\/p>\n<\/div>\n<\/div>\n<\/div>\n<\/div>\n\n\n\n<p data-start=\"3494\" data-end=\"3874\">Las actuaciones previstas para la mejora de la competitividad, la innovaci\u00f3n y la sostenibilidad empresarial, as\u00ed como para el dise\u00f1o y puesta en marcha de nuevos productos tur\u00edsticos en Maspalomas, fueron licitadas inicialmente en 2025.\u00a0<\/p>\n<p data-start=\"3876\" data-end=\"4579\">Aunque estos servicios van a seguir adelante, su nueva planificaci\u00f3n, por tiempos, hace inviable su ejecuci\u00f3n completa dentro de los plazos del PSTD. Por ello, y con el fin de garantizar la correcta ejecuci\u00f3n del Plan sin renunciar a sus objetivos, se ha planteado incorporar en su lugar dos actuaciones ya formalizadas mediante convenios de colaboraci\u00f3n con <strong data-start=\"4221\" data-end=\"4231\">Binter<\/strong> e <strong data-start=\"4234\" data-end=\"4252\">Iberia Express<\/strong>, orientados a reforzar la promoci\u00f3n tur\u00edstica de Gran Canaria en el mercado nacional. Ambos convenios tienen por objeto incrementar la afluencia de visitantes y fortalecer el posicionamiento del destino a trav\u00e9s de campa\u00f1as promocionales espec\u00edficas.<\/p>\n<p data-start=\"4581\" data-end=\"4744\">As\u00ed, el Plan mantiene su coherencia estrat\u00e9gica, refuerza su impacto en la promoci\u00f3n del destino y asegura una ejecuci\u00f3n efectiva dentro del calendario disponible.<\/p>\n<\/div>\n\n\n\n<div class=\"wp-block-group alignfull has-global-padding is-layout-constrained wp-block-group-is-layout-constrained\" style=\"margin-top:0;margin-bottom:0;padding-top:var(--wp--preset--spacing--50);padding-bottom:var(--wp--preset--spacing--50)\">\n<div class=\"wp-block-group alignwide is-layout-grid wp-container-core-group-is-layout-840b37f5 wp-block-group-is-layout-grid\">\n<div class=\"wp-block-group is-vertical is-layout-flex wp-container-core-group-is-layout-d6b9ab57 wp-block-group-is-layout-flex\">\n<h2 class=\"wp-block-heading has-x-large-font-size\">Contratos asociados inicialmente<\/h2>\n<\/div>\n\n\n\n<div class=\"wp-block-group is-vertical is-content-justification-stretch is-layout-flex wp-container-core-group-is-layout-353c4f5a wp-block-group-is-layout-flex\">\n<div class=\"wp-block-cover is-light\"><span aria-hidden=\"true\" class=\"wp-block-cover__background has-background-dim-0 has-background-dim\" style=\"background-color:#833d3a\"><\/span><div class=\"wp-block-cover__inner-container has-global-padding is-layout-constrained wp-block-cover-is-layout-constrained\">\n<div style=\"height:var(--wp--preset--spacing--20)\" aria-hidden=\"true\" class=\"wp-block-spacer\"><\/div>\n\n\n\n<p class=\"has-text-align-center\"><a href=\"https:\/\/contrataciondelestado.es\/wps\/portal\/plataforma\/buscadores\/detalle\/!ut\/p\/z1\/hY9LD4IwEIR_kem2lCJHHqUUQUAeSi-ExMSQ8DDG8Psthquyt8l-MzuLFLohNXVL_-je_Tx1g9aNYi3lqecFIYFjYfhAYr-qWLhKgmp03UOUXsOPcUD71RcxDY_WUZ2xQgoAGQZ-XGETBGEb8Cej0R2s1ql57kjbgNS96A5RlpSZIBiAoWqaX6P-p1iz-jtfBtRg27RsSsCim18IkNgVQPHp7APLLB7xvFxP7PmfY2DLQzO2Sel8ACshZzw!\/dz\/d5\/L2dBISEvZ0FBIS9nQSEh\/\">Servicios de mejora de la competitividad<\/a><\/p>\n<\/div><\/div>\n<\/div>\n\n\n\n<div class=\"wp-block-group is-vertical is-content-justification-stretch is-layout-flex wp-container-core-group-is-layout-353c4f5a wp-block-group-is-layout-flex\">\n<div class=\"wp-block-cover is-light\"><span aria-hidden=\"true\" class=\"wp-block-cover__background has-background-dim-0 has-background-dim\" style=\"background-color:#828282\"><\/span><div class=\"wp-block-cover__inner-container has-global-padding is-layout-constrained wp-block-cover-is-layout-constrained\">\n<div style=\"height:var(--wp--preset--spacing--20)\" aria-hidden=\"true\" class=\"wp-block-spacer\"><\/div>\n\n\n\n<p class=\"has-text-align-center\"><a href=\"https:\/\/contrataciondelestado.es\/wps\/portal\/plataforma\/buscadores\/detalle\/!ut\/p\/z1\/hY9LD4IwEIR_kem2hSJHHqUUQUAeSi-ExMSQ8DDG8Psthquyt8l-MzuLFLohNXVL_-je_Tx1g9aNYq3BU88LQgLHgvpAYr-qWLhKgmp03UOUXsOPcUD71RcxqWfUUZ2xQgoAGQZ-XGETBGEb8Cej0R2s1ql57kibQupedIcoS8pMEAzAUDXNr1H_U6xZ_Z0vA2qwzTCjQKm1-YUAiV0BBj6dfWCZxSOel-uJPf9zDGx5aMY2KZ0PuosklA!!\/dz\/d5\/L2dBISEvZ0FBIS9nQSEh\/\">Servicios de dise\u00f1o, creaci\u00f3n y puesta en marcha de productos tur\u00edsticos en Maspalomas<\/a><\/p>\n<\/div><\/div>\n<\/div>\n<\/div>\n<\/div>\n\n\n\n<div class=\"wp-block-group alignfull has-global-padding is-layout-constrained wp-block-group-is-layout-constrained\" style=\"margin-top:0;margin-bottom:0;padding-top:var(--wp--preset--spacing--50);padding-bottom:var(--wp--preset--spacing--50)\">\n<div class=\"wp-block-group alignwide is-layout-grid wp-container-core-group-is-layout-840b37f5 wp-block-group-is-layout-grid\">\n<div class=\"wp-block-group is-vertical is-layout-flex wp-container-core-group-is-layout-d6b9ab57 wp-block-group-is-layout-flex\">\n<h2 class=\"wp-block-heading has-x-large-font-size\">Contratos asociados posteriormente<\/h2>\n\n\n\n<p>CONVENIOS DE ASOCIACI\u00d3N CON COMPA\u00d1\u00cdAS A\u00c9REAS<\/p>\n<\/div>\n\n\n\n<div class=\"wp-block-group is-vertical is-content-justification-stretch is-layout-flex wp-container-core-group-is-layout-353c4f5a wp-block-group-is-layout-flex\">\n<div class=\"wp-block-cover is-light\"><span aria-hidden=\"true\" class=\"wp-block-cover__background has-background-dim-0 has-background-dim\" style=\"background-color:#833d3a\"><\/span><div class=\"wp-block-cover__inner-container has-global-padding is-layout-constrained wp-block-cover-is-layout-constrained\">\n<div style=\"height:var(--wp--preset--spacing--20)\" aria-hidden=\"true\" class=\"wp-block-spacer\"><\/div>\n\n\n\n<p class=\"has-text-align-center\"><\/p>\n\n\n\n<figure class=\"wp-block-table\"><table class=\"has-fixed-layout\"><tbody><tr><td class=\"has-text-align-center\" data-align=\"center\">Convenio de colaboraci\u00f3n TGC &#8211; Gesti\u00f3n Aeron\u00e1utica Integral Canaria S.L. (Binter), campa\u00f1a promocional 2025<\/td><\/tr><\/tbody><\/table><\/figure>\n\n\n\n<figure class=\"wp-block-table\"><table class=\"has-fixed-layout\"><tbody><tr><td class=\"has-text-align-center\" data-align=\"center\">Convenios de promoci\u00f3n tur\u00edstica TGC con Iberia Express S.L.<\/td><\/tr><\/tbody><\/table><\/figure>\n\n\n\n<p class=\"has-text-align-center\"><\/p>\n<\/div><\/div>\n<\/div>\n<\/div>\n<\/div>\n","protected":false},"excerpt":{"rendered":"<p>La baja competitividad detectada en determinados modelos alojativos y comerciales actuales, sobre todo en peque\u00f1os alojamientos, lastra en muchos casos la imagen global del destino. Muchos establecimientos, comercios y sector de restauraci\u00f3n est\u00e1n obsoletos y\/o noconectados con su entorno, potencialidad y caracter\u00edsticas de los turistas que visitan el destino. Resulta necesario que las futuras intervenciones [&hellip;]<\/p>\n","protected":false},"author":2,"featured_media":0,"parent":0,"menu_order":0,"comment_status":"closed","ping_status":"closed","template":"","meta":{"footnotes":""},"class_list":["post-428","page","type-page","status-publish","hentry"],"_links":{"self":[{"href":"https:\/\/impulsamaspalomas.energiagrancanaria.com\/index.php\/wp-json\/wp\/v2\/pages\/428","targetHints":{"allow":["GET"]}}],"collection":[{"href":"https:\/\/impulsamaspalomas.energiagrancanaria.com\/index.php\/wp-json\/wp\/v2\/pages"}],"about":[{"href":"https:\/\/impulsamaspalomas.energiagrancanaria.com\/index.php\/wp-json\/wp\/v2\/types\/page"}],"author":[{"embeddable":true,"href":"https:\/\/impulsamaspalomas.energiagrancanaria.com\/index.php\/wp-json\/wp\/v2\/users\/2"}],"replies":[{"embeddable":true,"href":"https:\/\/impulsamaspalomas.energiagrancanaria.com\/index.php\/wp-json\/wp\/v2\/comments?post=428"}],"version-history":[{"count":11,"href":"https:\/\/impulsamaspalomas.energiagrancanaria.com\/index.php\/wp-json\/wp\/v2\/pages\/428\/revisions"}],"predecessor-version":[{"id":668,"href":"https:\/\/impulsamaspalomas.energiagrancanaria.com\/index.php\/wp-json\/wp\/v2\/pages\/428\/revisions\/668"}],"wp:attachment":[{"href":"https:\/\/impulsamaspalomas.energiagrancanaria.com\/index.php\/wp-json\/wp\/v2\/media?parent=428"}],"curies":[{"name":"wp","href":"https:\/\/api.w.org\/{rel}","templated":true}]}}